{"id":41094,"date":"2024-08-12T14:21:25","date_gmt":"2024-08-12T14:21:25","guid":{"rendered":"https:\/\/evotek.md\/?post_type=product&#038;p=41094"},"modified":"2024-08-12T14:24:00","modified_gmt":"2024-08-12T14:24:00","slug":"afumator-electric-130-litri-cald-si-rece-smoke-30010080","status":"publish","type":"product","link":"https:\/\/evotek.md\/ro\/produse\/fara-categorie\/afumator-electric-130-litri-cald-si-rece-smoke-30010080\/","title":{"rendered":"AFUMATOR ELECTRIC, 130 LITRI (CALD SI RECE) -SMOKE-30010080"},"content":{"rendered":"<p><strong>AFUMATOR ELECTRIC, 130 LITRI (CALD SI RECE) -SMOKE-30010080<br \/>\n<\/strong>Pe\u0219te delicios afumat la cald sau salsa aromat\u0103 afumat\u0103 la rece &#8211; acest lucru este posibil cu un set universal de la DADDY SMOKE. Controlul timpului \u0219i al temperaturii va face ca timpul de g\u0103tire al c\u0103rnii afumate s\u0103 fie invizibil. Designul afum\u0103torului prevede pentru ag\u0103\u021bat produse &#8211; kitul include 2 tije \u0219i 6 c\u00e2rlige pentru ag\u0103\u021bat. La fel \u0219i a\u0219ezarea pe gr\u0103tare. Afum\u0103toarea vine cu un generator de fum de 2,5 litri \u0219i 2 kg de cod pentru afumare.<strong><br \/>\n<\/strong><br \/>\nCaracteristici<br \/>\nGreutate: 70 kg<br \/>\nCapacitate: 130 litri<br \/>\nTimp de afumat continuu: 6-8 ore<br \/>\nColector de condens: da<br \/>\nMaterial: otel, otel inoxidabil<br \/>\nAcoperire: email anticoroziv<br \/>\nDimensiune (LuxLax\u00een), mm: 520x610x1200 mm<br \/>\nTip de afumat: rece, cald, uscat<br \/>\nGrosimea otelului inoxidabil: 1 mm<br \/>\nGrosimea otelului: 2 mm<br \/>\nDotat cu: dulap pentru afumare, generator de fum cu colector de condens de 2,5 litri, compresor, element de incalzire &#8211; 2 kW, centrala, furtunuri din silicon, 2 suruburi pentru prindere, 2 grile din inox alimentar, 6 carlige pentru agatat, tava de colectare si ventilator.<\/p>\n","protected":false},"excerpt":{"rendered":"<p>Greutate: 70 kg; Capacitate: 130 litri; Timp de afumat continuu: 6-8 ore; Colector de condens: da; Material: otel, otel inoxidabil; Acoperire: email anticoroziv; Dimensiune (LuxLax\u00een), mm: 520x610x1200 mm; Tip de afumat: rece, cald, uscat; Grosimea otelului inoxidabil: 1 mm; Grosimea otelului: 2 mm; Dotat cu: dulap pentru afumare, generator de fum cu colector de condens de 2,5 litri, compresor, element de incalzire &#8211; 2 kW, centrala, furtunuri din silicon, 2 suruburi pentru prindere, 2 grile din inox alimentar, 6 carlige pentru agatat, tava de colectare si ventilator.<\/p>\n","protected":false},"featured_media":41097,"template":"","meta":[],"_links":{"self":[{"href":"https:\/\/evotek.md\/ro\/wp-json\/wp\/v2\/product\/41094"}],"collection":[{"href":"https:\/\/evotek.md\/ro\/wp-json\/wp\/v2\/product"}],"about":[{"href":"https:\/\/evotek.md\/ro\/wp-json\/wp\/v2\/types\/product"}],"wp:featuredmedia":[{"embeddable":true,"href":"https:\/\/evotek.md\/ro\/wp-json\/wp\/v2\/media\/41097"}],"wp:attachment":[{"href":"https:\/\/evotek.md\/ro\/wp-json\/wp\/v2\/media?parent=41094"}],"curies":[{"name":"wp","href":"https:\/\/api.w.org\/{rel}","templated":true}]}}