{"id":41077,"date":"2024-07-19T12:29:36","date_gmt":"2024-07-19T12:29:36","guid":{"rendered":"https:\/\/evotek.md\/?post_type=product&#038;p=41077"},"modified":"2024-07-19T12:42:26","modified_gmt":"2024-07-19T12:42:26","slug":"m-09506005","status":"publish","type":"product","link":"https:\/\/evotek.md\/ro\/produse\/echipamente-pentru-fast-food\/aparate-pentru-popcorn2\/m-09506005\/","title":{"rendered":"APARAT PENTRU POPCORN (150 gr) -M-09506005"},"content":{"rendered":"<p><strong>APARAT PENTRU POPCORN (150 gr) -M-09506005<\/strong><br \/>\nAcest aparat profesional de floricele de porumb este un must have pentru petreceri, t\u00e2rguri sau cinematografe. Este incredibil de u\u0219or de utilizat &#8211; trebuie doar s\u0103 ad\u0103uga\u021bi unt, boabe de porumb \u0219i zah\u0103rul sau sarea la alegere. Odat\u0103 ce porumbul este \u00eenc\u0103lzit, ma\u0219ina va scoate floricelele f\u0103r\u0103 efort.<\/p>\n<p><strong>Popcorn rapid<\/strong><br \/>\nPorni\u021bi ma\u0219ina de floricele de porumb ap\u0103s\u00e2nd butonul \u201e\u00cenc\u0103lzire \u0219i lumin\u0103\u201d. Turna\u021bi 50 ml ulei \u00een vasul de floricele, asigur\u00e2ndu-v\u0103 c\u0103 \u00eentregul fund este acoperit. Acest lucru va \u00eempiedica arderea floricelelor. Ap\u0103sa\u021bi butonul \u201e\u00cenc\u0103lzire\u201d \u0219i \u00eenc\u0103lzi\u021bi aparatul pentru floricele de porumb timp de 30 de secunde. Ad\u0103uga\u021bi 150 de grame de boabe de porumb \u0219i 50 de grame de zah\u0103r sau sare, \u00een func\u021bie de gustul dorit. Activa\u021bi mecanismul de amestecare din oal\u0103 ap\u0103s\u00e2nd butonul \u201e\u00centoarcere\u201d. Pune\u021bi capacul \u00eenapoi pe ceainic \u0219i \u00eenchide\u021bi bine u\u0219ile de sticl\u0103. A\u0219tepta\u021bi c\u00e2teva minute p\u00e2n\u0103 c\u00e2nd boabele de porumb \u00eencep s\u0103 p\u0103trund\u0103. Dup\u0103 ce toate boabele de porumb au izbucnit, dezactiva\u021bi butoanele \u201e\u00centoarcere\u201d \u0219i \u201e\u00cenc\u0103lzire\u201d. Scoate\u021bi capacul \u0219i \u00eenclina\u021bi ibricul de floricele pentru a goli floricelele r\u0103mase. Pentru a face mai multe floricele, repeta\u021bi pur \u0219i simplu ace\u0219ti pa\u0219i.<\/p>\n<p><strong>Cur\u0103\u021bare u\u0219oar\u0103<\/strong><br \/>\nPentru a asigura o cur\u0103\u021benie optim\u0103, se recomand\u0103 cur\u0103\u021barea interiorului aparatului de porumb pentru floricele c\u00e2t timp este \u00eenc\u0103 fierbinte. Dup\u0103 ce sc\u0103pa\u021bi ultimul lot de floricele, umple\u021bi aparatul de porumb cu o can\u0103 de ap\u0103 curat\u0103 \u0219i l\u0103sa\u021bi s\u0103 stea c\u00e2teva minute. Opri\u021bi toate butoanele ma\u0219inii. Scurge\u021bi cu grij\u0103 aparatul pentru floricele de porumb \u00eentr-un vas, apoi de\u0219uruba\u021bi aparatul pentru floricele de porumb \u0219i scoate\u021bi-l din ma\u0219in\u0103. Umple\u021bi aparatul pentru floricele de porumb cu ap\u0103 fierbinte \u0219i detergent, l\u0103s\u00e2nd-o la macerat timp de aproximativ 30 de minute. \u00centre timp, scoate\u021bi toate p\u0103r\u021bile deta\u0219abile din ma\u0219ina de floricele de porumb.<\/p>\n<p>Cur\u0103\u021ba\u021bi bine interiorul \u0219i exteriorul ma\u0219inii cu o c\u00e2rp\u0103 u\u0219or umed\u0103. Apoi cur\u0103\u021ba\u021bi bine tava pentru floricele \u0219i ata\u0219a\u021bi-o din nou la ma\u0219ina de floricele. Nu uita\u021bi s\u0103 sp\u0103la\u021bi manual piesele libere, deoarece nu se pot sp\u0103la \u00een ma\u0219ina de sp\u0103lat vase \u0219i se usuc\u0103 bine. Odat\u0103 cur\u0103\u021bate, pune\u021bi-le \u00eenapoi \u00een ma\u0219in\u0103.<\/p>\n<p>Caracteristici<br \/>\nGreutate neta: 24 kg<br \/>\nCapacitate: 150 gr. boabe de porumb odata<br \/>\nDimensiuni aparat (LaxAdx\u00cen): 56x42x76 cm<br \/>\nTip de alimentare: 230V<br \/>\nNumar de \u0219techeri: 1<br \/>\nPutere electric\u0103: 1375 <span style=\"font-size: 14.4px\">Watt<\/span><br \/>\nEchipat cu o tav\u0103 pentru firimituri<br \/>\nBol pentru 150 boabe de porumb simultan<br \/>\nBol-ul pentru boabe poate fi rotit\/\u00eenclinat<br \/>\nPere\u021bii din sticl\u0103 \u00eempiedic\u0103 v\u0103rsarea popcorn-ului<\/p>\n<p>&nbsp;<\/p>\n","protected":false},"excerpt":{"rendered":"<p>Aparat pentru popcorn. Greutate neta: 24 kg; Capacitate: 150 gr. boabe de porumb odata; Dimensiuni aparat (LaxAdx\u00cen): 56x42x76 cm; Tip de alimentare: 230V; Numar de \u0219techeri: 1; Putere electric\u0103: 1375 <span style=\"font-size: 14.4px\">Watt; <\/span>Echipat cu o tav\u0103 pentru firimituri; Bol pentru 150 boabe de porumb simultan; Bol-ul pentru boabe poate fi rotit\/\u00eenclinat; Pere\u021bii din sticl\u0103 \u00eempiedic\u0103 v\u0103rsarea popcorn-ului.<\/p>\n","protected":false},"featured_media":41080,"template":"","meta":[],"_links":{"self":[{"href":"https:\/\/evotek.md\/ro\/wp-json\/wp\/v2\/product\/41077"}],"collection":[{"href":"https:\/\/evotek.md\/ro\/wp-json\/wp\/v2\/product"}],"about":[{"href":"https:\/\/evotek.md\/ro\/wp-json\/wp\/v2\/types\/product"}],"wp:featuredmedia":[{"embeddable":true,"href":"https:\/\/evotek.md\/ro\/wp-json\/wp\/v2\/media\/41080"}],"wp:attachment":[{"href":"https:\/\/evotek.md\/ro\/wp-json\/wp\/v2\/media?parent=41077"}],"curies":[{"name":"wp","href":"https:\/\/api.w.org\/{rel}","templated":true}]}}