{"id":41066,"date":"2024-07-19T10:05:36","date_gmt":"2024-07-19T10:05:36","guid":{"rendered":"https:\/\/evotek.md\/?post_type=product&#038;p=41066"},"modified":"2024-07-19T10:19:15","modified_gmt":"2024-07-19T10:19:15","slug":"m-09506002","status":"publish","type":"product","link":"https:\/\/evotek.md\/ro\/produse\/echipamente-pentru-fast-food\/aparate-pentru-vata-de-zahar-2\/m-09506002\/","title":{"rendered":"APARAT PENTRU VATA DE ZAHAR CU CARUCIOR \u00d852 cm (roz)\u00a0-M-09506002"},"content":{"rendered":"<p><strong>APARAT PENTRU VATA DE ZAHAR CU CARUCIOR \u00d852 cm (roz)\u00a0-M-09506002<\/strong><br \/>\nAceast\u0103 ma\u0219in\u0103 de vat\u0103 de zah\u0103r vine cu o tigaie mare de 52 cm din o\u021bel inoxidabil, ceea ce o face ideal\u0103 pentru a produce vat\u0103 de zah\u0103r delicioas\u0103 \u00eentr-o varietate de culori. Cu capacitatea sa de \u00eenc\u0103lzire rapid\u0103, pute\u021bi \u00eencepe s\u0103 \u00eenv\u00e2rti\u021bi vat\u0103 de zah\u0103r \u00een cel mai scurt timp. \u00cen doar 30 de secunde po\u021bi face vat\u0103 de zah\u0103r delicioas\u0103.<\/p>\n<p><strong>Produc\u021bie rapid\u0103 de vat\u0103 de zah\u0103r<\/strong><br \/>\nAceast\u0103 ma\u0219in\u0103 de fabricat vat\u0103 de zah\u0103r este u\u0219or de utilizat. Porni\u021bi ma\u0219ina \u0219i l\u0103sa\u021bi-o s\u0103 func\u021bioneze timp de 1-2 minute pentru a asigura o rotire lin\u0103. Odat\u0103 ce \u00eencepe s\u0103 se roteasc\u0103 lin, porni\u021bi comutatorul de \u00eenc\u0103lzire. Dup\u0103 aproximativ 4-5 minute, ma\u0219ina de vat\u0103 de zah\u0103r se va \u00eenc\u0103lzi. Pune o lingur\u0103 de zah\u0103r granulat \u00een centrul capului. A\u0219tepta\u021bi aproximativ 30 de secunde \u0219i \u0219uvi\u021bele de vat\u0103 de zah\u0103r vor \u00eencepe s\u0103 se formeze. Folosind un baton de vat\u0103 de zah\u0103r, \u00eenv\u00e2rti\u021bi-l \u00eentr-o mi\u0219care circular\u0103 spre tigaie. Continua\u021bi s\u0103 roti\u021bi p\u00e2n\u0103 c\u00e2nd vata de zah\u0103r atinge dimensiunea dorit\u0103. Aminti\u021bi-v\u0103 c\u0103 aparatul trebuie s\u0103 se odihneasc\u0103 timp de 20 de minute dac\u0103 a fost folosit continuu timp de o or\u0103.<\/p>\n<p><strong>Cur\u0103\u021bare temeinic\u0103<\/strong><br \/>\nCu tot acest zah\u0103r, este important s\u0103 v\u0103 cur\u0103\u021ba\u021bi ma\u0219ina \u00een mod corespunz\u0103tor. Dup\u0103 ce a\u021bi folosit ma\u0219ina, turna\u021bi ap\u0103 \u00een capul de \u00eenc\u0103lzire, repet\u00e2nd acest proces de 4-5 ori pentru a cur\u0103\u021ba bine interiorul. Odat\u0103 ce interiorul este cur\u0103\u021bat, opri\u021bi aparatul \u0219i l\u0103sa\u021bi-l s\u0103 se r\u0103ceasc\u0103 complet \u00eenainte de a cur\u0103\u021ba exteriorul ma\u0219inii. Folosind o c\u00e2rp\u0103 umed\u0103 \u0219i o solu\u021bie de ap\u0103 \u0219i detergent slab, cur\u0103\u021ba\u021bi bine suprafa\u021ba zonei de \u00eenc\u0103lzire.<\/p>\n<p>Caracteristici<br \/>\nGreutate neta: 19 kg<br \/>\nDimensiuni aparat(LaxAdx\u00cen): 96x52x88 cm<br \/>\nDimensiuni bol: \u00d852xH15 cm<br \/>\nConexiune: 230 V \/ 50 Hz \/ 1 faza 1080 W<br \/>\nVata de zah\u0103r se formeaz\u0103 \u00een 30 de secunde<br \/>\nNumar de stecheri: 1<br \/>\nUsor de curatat<br \/>\nSetul include o lingura pentru zahar, curea de schimb de transmisie, kit de montare<br \/>\nC\u0103ruciorul convenabil \u00eel face u\u0219or de mutat<br \/>\nSertar convenabil pentru depozitarea alimentelor sau a banilor<\/p>\n<p>&nbsp;<\/p>\n<p>&nbsp;<\/p>\n<p>&nbsp;<\/p>\n","protected":false},"excerpt":{"rendered":"<p>Aparat pentru vat\u0103 de zah\u0103r. Greutate neta: 19 kg; Dimensiuni aparat(LaxAdx\u00cen): 96x52x88 cm; Dimensiuni bol: \u00d852xH15 cm; Conexiune: 230 V \/ 50 Hz \/ 1 faza 1080 W; Vata de zah\u0103r se formeaz\u0103 \u00een 30 de secunde; Numar de stecheri: 1; Usor de curatat; Setul include o lingura pentru zahar, curea de schimb de transmisie, kit de montare; C\u0103ruciorul convenabil \u00eel face u\u0219or de mutat; Sertar convenabil pentru depozitarea alimentelor sau a banilor.<\/p>\n","protected":false},"featured_media":41069,"template":"","meta":[],"_links":{"self":[{"href":"https:\/\/evotek.md\/ro\/wp-json\/wp\/v2\/product\/41066"}],"collection":[{"href":"https:\/\/evotek.md\/ro\/wp-json\/wp\/v2\/product"}],"about":[{"href":"https:\/\/evotek.md\/ro\/wp-json\/wp\/v2\/types\/product"}],"wp:featuredmedia":[{"embeddable":true,"href":"https:\/\/evotek.md\/ro\/wp-json\/wp\/v2\/media\/41069"}],"wp:attachment":[{"href":"https:\/\/evotek.md\/ro\/wp-json\/wp\/v2\/media?parent=41066"}],"curies":[{"name":"wp","href":"https:\/\/api.w.org\/{rel}","templated":true}]}}