{"id":41022,"date":"2024-07-09T08:19:17","date_gmt":"2024-07-09T08:19:16","guid":{"rendered":"https:\/\/evotek.md\/?post_type=product&#038;p=41022"},"modified":"2024-07-09T10:00:32","modified_gmt":"2024-07-09T10:00:32","slug":"sirman-65342102p","status":"publish","type":"product","link":"https:\/\/evotek.md\/ro\/produse\/echipamente-electromecanice\/blendere\/sirman-65342102p\/","title":{"rendered":"BLENDER GRI, 2 LITRI (PAHAR ROTUND) ORIONE T -SIRMAN-65342102P"},"content":{"rendered":"<p>BLENDER GRI, 2 LITRI (PAHAR ROTUND) ORIONE T -SIRMAN-65342102P<\/p>\n<p>Model cu 1 cana<br \/>\nCarcasa din aluminiu si ABS<br \/>\nSistemul de etan\u0219are cu diafragm\u0103 \u00eempiedic\u0103 intrarea lichidului \u00een dispozitiv<br \/>\nMotor de mare putere cu sistem de ventila\u021bie for\u021bat\u0103 pentru utilizare \u00eendelungat\u0103 \u0219i durat\u0103 lung\u0103 de via\u021b\u0103<br \/>\nMicro\u00eentrerup\u0103tor magnetic de siguran\u021b\u0103 pe capacul paharului f\u0103r\u0103 pozi\u021bie fix\u0103<br \/>\nControler de vitez\u0103<br \/>\nSticl\u0103 rotund\u0103 cu volum de 2 litri din plastic transparent rezistent cu gradare \u00een litri<br \/>\nCapac etan\u0219 de cauciuc cu cea\u0219c\u0103 gradat\u0103 \u0219i orificiu de umplere pentru ad\u0103ugarea ingredientelor \u00een timp ce blenderul func\u021bioneaz\u0103<br \/>\nCu\u021bit cu 4 lame din o\u021bel c\u0103lit, potrivit \u0219i pentru zdrobirea ghe\u021bii<\/p>\n<p>Caracteristici<br \/>\nBlender profesional 2 litri<br \/>\nViteza de rota\u021bie a cu\u021bitului, rpm: 8000-16.000<br \/>\nVolum cana: 2 l<br \/>\nPutere: 750 W<br \/>\nDimensiuni totale: 202\u00d7210\u00d7508 mm<br \/>\nGreutate: 5 kg<br \/>\nCana din o\u021bel inoxidabil<br \/>\nTemporizator cu reglare manual\u0103 \u0219i oprire automat\u0103<br \/>\n9 programe de lucru preinstalate.<\/p>\n","protected":false},"excerpt":{"rendered":"<p>Blender profesional 2 litri. Viteza de rota\u021bie a cu\u021bitului, rpm: 8000-16.000; Volum cana: 2 l; Putere: 750 W; Dimensiuni totale: 202\u00d7210\u00d7508 mm; Greutate: 5 kg<br \/>\nCana din o\u021bel inoxidabil; Temporizator cu reglare manual\u0103 \u0219i oprire automat\u0103; 9 programe de lucru preinstalate.<\/p>\n","protected":false},"featured_media":41027,"template":"","meta":[],"_links":{"self":[{"href":"https:\/\/evotek.md\/ro\/wp-json\/wp\/v2\/product\/41022"}],"collection":[{"href":"https:\/\/evotek.md\/ro\/wp-json\/wp\/v2\/product"}],"about":[{"href":"https:\/\/evotek.md\/ro\/wp-json\/wp\/v2\/types\/product"}],"wp:featuredmedia":[{"embeddable":true,"href":"https:\/\/evotek.md\/ro\/wp-json\/wp\/v2\/media\/41027"}],"wp:attachment":[{"href":"https:\/\/evotek.md\/ro\/wp-json\/wp\/v2\/media?parent=41022"}],"curies":[{"name":"wp","href":"https:\/\/api.w.org\/{rel}","templated":true}]}}