{"id":41009,"date":"2024-06-28T12:37:13","date_gmt":"2024-06-28T12:37:13","guid":{"rendered":"https:\/\/evotek.md\/?post_type=product&#038;p=41009"},"modified":"2024-06-28T13:23:21","modified_gmt":"2024-06-28T13:23:21","slug":"ctvgv","status":"publish","type":"product","link":"https:\/\/evotek.md\/ro\/produse\/echipamente-termice\/toastere\/ctvgv\/","title":{"rendered":"TOASTER TIP TUNEL, 3600 FELII PE ORA -CASSELIN-CTVGV"},"content":{"rendered":"<p><strong>TOASTER TIP TUNEL, 3600 FELII PE ORA -CASSELIN-CTVGV<\/strong><br \/>\nTimp de preg\u0103tire pentru p\u00e2ine pr\u0103jit\u0103 8b sec. Capacitate: 3600 de p\u00e2ine pr\u0103jit\u0103 pe or\u0103 (1800 de hamburgeri pe or\u0103). Termostat mecanic.<\/p>\n<p>Caracteristici<br \/>\nCarcasa din otel inoxidabil<br \/>\nButon ON\/OFF<br \/>\nViteza de rotatie reglabila<br \/>\nCoridorul definit pentru partea de sus \u0219i de jos a burgerului<br \/>\nPr\u0103ji\u021bi \u00een 8 secunde<br \/>\n2 roti independente pentru reglarea grosimii chiflei<br \/>\nCapacitate de produc\u021bie: 3600 p\u00e2ine pr\u0103jit\u0103 pe or\u0103 sau 1800 burgeri<br \/>\nTermostat reglabil de la 60\u00b0C la 300\u00b0C<br \/>\nFrecventa: 50\/60 Hz<br \/>\nPutere: 2.200 W \/ 230 V<br \/>\nDimensiuni: (LaxAdxIn) 675x270x570 mm<br \/>\nGreutate: 25,50 kg<\/p>\n","protected":false},"excerpt":{"rendered":"<p>Carcasa din otel inoxidabil; Buton ON\/OFF; Viteza de rotatie reglabila; Coridorul definit pentru partea de sus \u0219i de jos a burgerului; Pr\u0103ji\u021bi \u00een 8 secunde: 2 roti independente pentru reglarea grosimii chiflei; Capacitate de produc\u021bie: 3600 p\u00e2ine pr\u0103jit\u0103 pe or\u0103 sau 1800 burgeri; Termostat reglabil de la 60\u00b0C la 300\u00b0C; Frecventa: 50\/60 Hz; Putere: 2.200 W \/ 230 V; Dimensiuni: (LaxAdxIn) 675x270x570 mm; Greutate: 25,50 kg.<\/p>\n","protected":false},"featured_media":41012,"template":"","meta":[],"_links":{"self":[{"href":"https:\/\/evotek.md\/ro\/wp-json\/wp\/v2\/product\/41009"}],"collection":[{"href":"https:\/\/evotek.md\/ro\/wp-json\/wp\/v2\/product"}],"about":[{"href":"https:\/\/evotek.md\/ro\/wp-json\/wp\/v2\/types\/product"}],"wp:featuredmedia":[{"embeddable":true,"href":"https:\/\/evotek.md\/ro\/wp-json\/wp\/v2\/media\/41012"}],"wp:attachment":[{"href":"https:\/\/evotek.md\/ro\/wp-json\/wp\/v2\/media?parent=41009"}],"curies":[{"name":"wp","href":"https:\/\/api.w.org\/{rel}","templated":true}]}}