{"id":41004,"date":"2024-06-28T12:18:58","date_gmt":"2024-06-28T12:18:58","guid":{"rendered":"https:\/\/evotek.md\/?post_type=product&#038;p=41004"},"modified":"2024-06-28T12:32:47","modified_gmt":"2024-06-28T12:32:47","slug":"casselin-cvr129l","status":"publish","type":"product","link":"https:\/\/evotek.md\/ro\/produse\/echipamente-pentru-bar-si-cafea\/vitrine-frigorifice-pentru-patiserie-2\/casselin-cvr129l\/","title":{"rendered":"VITRINA FRIGORIFICA PENTRU PATISERIE DE MASA 129 LITRI (NEAGRA) -CASSELIN-CVR129L"},"content":{"rendered":"<p><strong>VITRINA FRIGORIFICA PENTRU PATISERIE DE MASA 129 LITRI (NEAGRA) -CASSELIN-CVR129L<\/strong><br \/>\nVitrina de mas\u0103 pentru o prezentare excelent\u0103 a produsului<\/p>\n<p>Caracteristici<br \/>\nSticl\u0103 dubl\u0103 c\u0103lit\u0103<br \/>\nIluminare cu LED-uri<br \/>\nRafturi de sticl\u0103<br \/>\nU\u0219i glisante<br \/>\nEvacuarea condensului prin conducta de aer exterior<br \/>\nTermostat electronic cu afisaj digital<br \/>\nReglarea temperaturii de la 2\u00b0C la 12\u00b0C<br \/>\nCapacitate: 129 l<br \/>\nAgent frigorific: R290<br \/>\nFrecventa: 50 Hz<br \/>\nPutere: 189 W \/ 230 V<br \/>\nDimensiuni: (LuxAdxIn) 624\u00d7560\u00d7874 mm<br \/>\nGreutate: 58,5 kg<\/p>\n","protected":false},"excerpt":{"rendered":"<p>Vitrin\u0103 frigorific\u0103 de mas\u0103 cu dou\u0103 rafturi cu o capacitate de 129 litri. Sticl\u0103 dubl\u0103 c\u0103lit\u0103; Iluminare cu LED-uri; Rafturi de sticl\u0103; U\u0219i glisante; Evacuarea condensului prin conducta de aer exterior; Termostat electronic cu afisaj digital; Reglarea temperaturii de la 2\u00b0C la 12\u00b0C; Capacitate: 129 l; Agent frigorific: R290; Frecventa: 50 Hz; Putere: 189 W \/ 230 V; Dimensiuni: (LuxAdxIn) 624\u00d7560\u00d7874 mm; Greutate: 58,5 kg.<\/p>\n","protected":false},"featured_media":41007,"template":"","meta":[],"_links":{"self":[{"href":"https:\/\/evotek.md\/ro\/wp-json\/wp\/v2\/product\/41004"}],"collection":[{"href":"https:\/\/evotek.md\/ro\/wp-json\/wp\/v2\/product"}],"about":[{"href":"https:\/\/evotek.md\/ro\/wp-json\/wp\/v2\/types\/product"}],"wp:featuredmedia":[{"embeddable":true,"href":"https:\/\/evotek.md\/ro\/wp-json\/wp\/v2\/media\/41007"}],"wp:attachment":[{"href":"https:\/\/evotek.md\/ro\/wp-json\/wp\/v2\/media?parent=41004"}],"curies":[{"name":"wp","href":"https:\/\/api.w.org\/{rel}","templated":true}]}}