{"id":40999,"date":"2024-06-28T11:55:00","date_gmt":"2024-06-28T11:55:00","guid":{"rendered":"https:\/\/evotek.md\/?post_type=product&#038;p=40999"},"modified":"2024-06-28T12:02:14","modified_gmt":"2024-06-28T12:02:14","slug":"casselin-cvr100ln","status":"publish","type":"product","link":"https:\/\/evotek.md\/ro\/produse\/echipamente-pentru-bar-si-cafea\/vitrine-frigorifice-pentru-patiserie-2\/casselin-cvr100ln\/","title":{"rendered":"VITRINA FRIGORIFICA PENTRU PATISERIE DE MASA 100 LITRI (NEAGRA) -CASSELIN-CVR100LN"},"content":{"rendered":"<p><strong>VITRINA FRIGORIFICA PENTRU PATISERIE DE MASA 100 LITRI (NEAGRA) -CASSELIN-CVR100LN<\/strong><br \/>\nVitrina de mas\u0103 pentru o prezentare excelent\u0103 a produsului<\/p>\n<p>Caracteristici<br \/>\nGeam dublu<br \/>\nR\u0103cire prin convec\u021bie cu 2 ventilatoare<br \/>\nDezghe\u021bare automat\u0103<br \/>\nSticl\u0103 de protec\u021bie<br \/>\nIluminare cu LED-uri<br \/>\nUmplere spate prin 2 u\u0219i glisante<br \/>\nTemperatura: 2\u00b0C p\u00e2n\u0103 la 12\u00b0C<br \/>\nCapacitate: 100 litri<br \/>\nAgent frigorific: R600A<br \/>\n2 nivele<br \/>\nGrile reglabile<br \/>\nDimensiuni (LuxAdxIn): 685x455x675 mm<br \/>\nDimensiuni gratar (LuxAdxIn): 600&#215;300 mm \/ 600&#215;300 mm<br \/>\nPutere: 160W \/ 230V<br \/>\nGreutate: 40,5 kg<\/p>\n","protected":false},"excerpt":{"rendered":"<p>Vitrin\u0103 frigorific\u0103 de mas\u0103 cu dou\u0103 rafturi cu o capacitate de 100 litri. Geam dublu; R\u0103cire prin convec\u021bie cu 2 ventilatoare; Dezghe\u021bare automat\u0103; Sticl\u0103 de protec\u021bie; Iluminare cu LED-uri; Umplere spate prin 2 u\u0219i glisante; Temperatura: 2\u00b0C p\u00e2n\u0103 la 12\u00b0C; Capacitate: 100 litri; Agent frigorific: R600A; 2 nivele; Grile reglabile; Dimensiuni (LuxAdxIn): 685x455x675 mm; Dimensiuni gratar (LuxAdxIn): 600&#215;300 mm \/ 600&#215;300 mm; Putere: 160W \/ 230V; Greutate: 40,5 kg.<\/p>\n","protected":false},"featured_media":41002,"template":"","meta":[],"_links":{"self":[{"href":"https:\/\/evotek.md\/ro\/wp-json\/wp\/v2\/product\/40999"}],"collection":[{"href":"https:\/\/evotek.md\/ro\/wp-json\/wp\/v2\/product"}],"about":[{"href":"https:\/\/evotek.md\/ro\/wp-json\/wp\/v2\/types\/product"}],"wp:featuredmedia":[{"embeddable":true,"href":"https:\/\/evotek.md\/ro\/wp-json\/wp\/v2\/media\/41002"}],"wp:attachment":[{"href":"https:\/\/evotek.md\/ro\/wp-json\/wp\/v2\/media?parent=40999"}],"curies":[{"name":"wp","href":"https:\/\/api.w.org\/{rel}","templated":true}]}}