{"id":40994,"date":"2024-06-28T11:47:25","date_gmt":"2024-06-28T11:47:25","guid":{"rendered":"https:\/\/evotek.md\/?post_type=product&#038;p=40994"},"modified":"2024-06-28T11:53:27","modified_gmt":"2024-06-28T11:53:27","slug":"casselin-cps","status":"publish","type":"product","link":"https:\/\/evotek.md\/ro\/produse\/fara-categorie\/casselin-cps\/","title":{"rendered":"CONTAINER PENTRU DESEURI 110 LITRI -CASSELIN-CPS"},"content":{"rendered":"<p><strong>CONTAINER PENTRU DESEURI 110 LITRI -CASSELIN-CPS<\/strong><\/p>\n<p>Caracteristici<br \/>\nO\u0163el inoxidabil<br \/>\nCapacitate: 110 litri<br \/>\nSupap\u0103 magnetic\u0103 pentru acces la pung\u0103<br \/>\nFatada mobila magnetica pe 4 roti<br \/>\nDimensiuni: (LaxAdxIn) 445x480x1255 mm<br \/>\nGreutate: 28 kg<\/p>\n","protected":false},"excerpt":{"rendered":"<p>O\u0163el inoxidabil; Capacitate: 110 litri; Supap\u0103 magnetic\u0103 pentru acces la pung\u0103; Fatada mobila magnetica pe 4 roti; Dimensiuni: (LaxAdxIn) 445x480x1255 mm; Greutate: 28 kg.<\/p>\n","protected":false},"featured_media":40997,"template":"","meta":[],"_links":{"self":[{"href":"https:\/\/evotek.md\/ro\/wp-json\/wp\/v2\/product\/40994"}],"collection":[{"href":"https:\/\/evotek.md\/ro\/wp-json\/wp\/v2\/product"}],"about":[{"href":"https:\/\/evotek.md\/ro\/wp-json\/wp\/v2\/types\/product"}],"wp:featuredmedia":[{"embeddable":true,"href":"https:\/\/evotek.md\/ro\/wp-json\/wp\/v2\/media\/40997"}],"wp:attachment":[{"href":"https:\/\/evotek.md\/ro\/wp-json\/wp\/v2\/media?parent=40994"}],"curies":[{"name":"wp","href":"https:\/\/api.w.org\/{rel}","templated":true}]}}