{"id":40992,"date":"2024-06-28T11:43:43","date_gmt":"2024-06-28T11:45:49","guid":{"rendered":"https:\/\/evotek.md\/?post_type=product&#038;p=40992"},"modified":"2024-06-28T11:45:49","modified_gmt":"2024-06-28T11:45:49","slug":"suport-pentru-3-recipiente-gn1-6-casselin-csbg316","status":"publish","type":"product","link":"https:\/\/evotek.md\/ro\/produse\/fara-categorie\/suport-pentru-3-recipiente-gn1-6-casselin-csbg316\/","title":{"rendered":"SUPORT PENTRU 3 RECIPIENTE GN1\/6 -CASSELIN-CSBG316"},"content":{"rendered":"<p><strong>SUPORT PENTRU 3 RECIPIENTE GN1\/6 -CASSELIN-CSBG316<\/strong><\/p>\n<p>Suportul pentru 3 GN1\/6, care face parte din echipamentele de procesare a coresponden\u021bei din unit\u0103\u021bile de catering, administra\u021bii \u0219i alte zone reziden\u021biale, este utilizat \u00een principal \u00een buc\u0103t\u0103rii. Acest suport este ideal pentru profesioni\u0219tii care lucreaz\u0103 \u00eentr-un spa\u021biu limitat \u0219i au nevoie de o modalitate convenabil\u0103 \u0219i compact\u0103 de a depozita \u0219i transporta produsele alimentare.<\/p>\n<p>Caracteristici<br \/>\nO\u0163el inoxidabil<br \/>\n3 recipiente GN 1\/6, h200 mm<br \/>\n3 capace ajurate<br \/>\nDimensiuni (LuxLaxIn): 170x570x 370 mm<br \/>\nGreutate: 4 kg<br \/>\nLatime: 170 mm<br \/>\nAd\u00e2ncime: 570 mm<br \/>\nInaltime: 370 mm<br \/>\nGreutate: 4 kg<\/p>\n","protected":false},"excerpt":{"rendered":"<p>O\u0163el inoxidabil; 3 recipiente GN 1\/6, h200 mm; 3 capace ajurate; Dimensiuni (LuxLaxIn): 170x570x 370 mm; Greutate: 4 kg; Latime: 170 mm; Ad\u00e2ncime: 570 mm; Inaltime: 370 mm; Greutate: 4 kg.<\/p>\n","protected":false},"featured_media":40991,"template":"","meta":[],"_links":{"self":[{"href":"https:\/\/evotek.md\/ro\/wp-json\/wp\/v2\/product\/40992"}],"collection":[{"href":"https:\/\/evotek.md\/ro\/wp-json\/wp\/v2\/product"}],"about":[{"href":"https:\/\/evotek.md\/ro\/wp-json\/wp\/v2\/types\/product"}],"wp:featuredmedia":[{"embeddable":true,"href":"https:\/\/evotek.md\/ro\/wp-json\/wp\/v2\/media\/40991"}],"wp:attachment":[{"href":"https:\/\/evotek.md\/ro\/wp-json\/wp\/v2\/media?parent=40992"}],"curies":[{"name":"wp","href":"https:\/\/api.w.org\/{rel}","templated":true}]}}