{"id":40983,"date":"2024-06-28T11:27:04","date_gmt":"2024-06-28T11:27:04","guid":{"rendered":"https:\/\/evotek.md\/?post_type=product&#038;p=40983"},"modified":"2024-06-28T11:38:51","modified_gmt":"2024-06-28T11:38:51","slug":"cfe72b","status":"publish","type":"product","link":"https:\/\/evotek.md\/ro\/produse\/echipamente-termice\/friteuze-3\/cfe72b\/","title":{"rendered":"FRITEUZA ELECTRICA, 7+7 LITRI -CASSELIN-CFE72B"},"content":{"rendered":"<p><strong>FRITEUZA ELECTRICA, 7+7 LITRI -CASSELIN-CFE72B<\/strong>&#8211; Friteuza electric\u0103 dubl\u0103 Casselin 2x7L este o op\u021biune excelent\u0103. Aceast\u0103 friteuz\u0103 cu dou\u0103 tigai are un panou de control din o\u021bel inoxidabil u\u0219or de utilizat.<\/p>\n<p>Friteuza cu dou\u0103 boluri Casselin vine \u0219i cu un indicator luminos de c\u0103ldur\u0103 care se aprinde atunci c\u00e2nd uleiul atinge temperatura dorit\u0103.<\/p>\n<p>Caracteristici<br \/>\nIndicator de \u00eenc\u0103lzire<br \/>\nTemperatura: de la 60\u00b0C la 200\u00b0C<br \/>\n2 rezervoare detasabile cu o capacitate de 7 litri fiecare<br \/>\n2 cosuri (LuxAdxIn): 205x205x140 mm<br \/>\nTermostat de siguranta<br \/>\n2 prize independente<br \/>\nPutere: 2 x 3600 W<br \/>\nAlimentare: 230 V<br \/>\nDimensiuni (LuxAdxIn): 557x450x377 mm<br \/>\nGreutate: 13,40 kg<\/p>\n","protected":false},"excerpt":{"rendered":"<p>Indicator de temperatura; Temperatura: de la 60\u00b0C la 200\u00b0C; 2 rezervoare detasabile cu o capacitate de 7 litri fiecare; 2 cosuri (LuxAdxIn): 205x205x140 mm; Termostat de siguranta; 2 prize independente; Putere: 2 x 3600 W; Alimentare: 230 V; Dimensiuni (LuxAdxIn): 557x450x377 mm; Greutate: 13,40 kg.<\/p>\n","protected":false},"featured_media":40986,"template":"","meta":[],"_links":{"self":[{"href":"https:\/\/evotek.md\/ro\/wp-json\/wp\/v2\/product\/40983"}],"collection":[{"href":"https:\/\/evotek.md\/ro\/wp-json\/wp\/v2\/product"}],"about":[{"href":"https:\/\/evotek.md\/ro\/wp-json\/wp\/v2\/types\/product"}],"wp:featuredmedia":[{"embeddable":true,"href":"https:\/\/evotek.md\/ro\/wp-json\/wp\/v2\/media\/40986"}],"wp:attachment":[{"href":"https:\/\/evotek.md\/ro\/wp-json\/wp\/v2\/media?parent=40983"}],"curies":[{"name":"wp","href":"https:\/\/api.w.org\/{rel}","templated":true}]}}