{"id":40978,"date":"2024-06-28T11:22:37","date_gmt":"2024-06-28T11:22:37","guid":{"rendered":"https:\/\/evotek.md\/?post_type=product&#038;p=40978"},"modified":"2024-06-28T11:26:28","modified_gmt":"2024-06-28T11:26:28","slug":"casselin-cfe7b","status":"publish","type":"product","link":"https:\/\/evotek.md\/ro\/produse\/echipamente-termice\/friteuze-3\/casselin-cfe7b\/","title":{"rendered":"FRITEUZA ELECTRICA, 7 LITRI -CASSELIN-CFE7B"},"content":{"rendered":"<p><strong>FRITEUZA ELECTRICA, 7 LITRI -CASSELIN-CFE7B<\/strong><br \/>\nFriteuza electrica de masa cu o capacitate de 7 litri, modelul este realizat in intregime din otel inoxidabil 18\/10, cu rezervor de scurgere a uleiului extras, unitate de control extrabila, dotata cu termostat cu bec de precizie de la 60 la 190 \u00b0C. Aceast\u0103 friteuz\u0103 profesional\u0103 de blat este echipat\u0103 cu un termostat de siguran\u021b\u0103 dublu \u0219i micro \u00eentrerup\u0103tor. Usor de folosit si rapid de curatat.<\/p>\n<p>Setul de livrare include un co\u0219 cu m\u00e2ner deta\u0219abil rezistent la c\u0103ldur\u0103.<\/p>\n<p>Caracteristici<br \/>\nLatime: 275 mm<br \/>\nAd\u00e2ncime: 450 mm<br \/>\nInaltime: 377 mm<br \/>\nVolum: 7 litri<br \/>\nPutere: 3600W<br \/>\nTensiune: monofazat 230V<br \/>\nGreutate: 7,5 kg<\/p>\n","protected":false},"excerpt":{"rendered":"<p>Latime: 275 mm; Ad\u00e2ncime: 450 mm; Inaltime: 377 mm; Volum: 7 litri; Putere: 3600W; Tensiune: monofazat 230V; Greutate: 7,5 kg.<\/p>\n","protected":false},"featured_media":40981,"template":"","meta":[],"_links":{"self":[{"href":"https:\/\/evotek.md\/ro\/wp-json\/wp\/v2\/product\/40978"}],"collection":[{"href":"https:\/\/evotek.md\/ro\/wp-json\/wp\/v2\/product"}],"about":[{"href":"https:\/\/evotek.md\/ro\/wp-json\/wp\/v2\/types\/product"}],"wp:featuredmedia":[{"embeddable":true,"href":"https:\/\/evotek.md\/ro\/wp-json\/wp\/v2\/media\/40981"}],"wp:attachment":[{"href":"https:\/\/evotek.md\/ro\/wp-json\/wp\/v2\/media?parent=40978"}],"curies":[{"name":"wp","href":"https:\/\/api.w.org\/{rel}","templated":true}]}}