{"id":40963,"date":"2024-06-28T10:50:26","date_gmt":"2024-06-28T10:51:04","guid":{"rendered":"https:\/\/evotek.md\/?post_type=product&#038;p=40963"},"modified":"2024-06-28T10:52:15","modified_gmt":"2024-06-28T10:52:15","slug":"cutter-12-litri-m-08400400","status":"publish","type":"product","link":"https:\/\/evotek.md\/ro\/produse\/fara-categorie\/cutter-12-litri-m-08400400\/","title":{"rendered":"CUTTER 12 LITRI -M-08400400"},"content":{"rendered":"<p><strong>CUTTER 12 LITRI -M-08400400<\/strong><br \/>\nPute\u021bi economisi mult timp \u00een buc\u0103t\u0103ria dumneavoastr\u0103 profesional\u0103 cu acest robot de buc\u0103t\u0103rie comercial. V\u0103 permite s\u0103 t\u0103ia\u021bi \u0219i s\u0103 amesteca\u021bi rapid \u0219i u\u0219or diferite alimente. Poate fi folosit pentru produse precum carne \u0219i pe\u0219te, legume \u0219i fructe, nuci, fructe uscate, br\u00e2nz\u0103 \u0219i ciocolat\u0103. Acest robot de bucatarie macina si ingrediente pentru a face pestos, sosuri, amestecuri de ierburi si sosuri delicioase. Puteti pregati chiar si umpluturi de carne cu acest robot de bucatarie. Aceast\u0103 ma\u0219in\u0103 ofer\u0103 dou\u0103 viteze de procesare: 1500 \u0219i 2800 rpm \u0219i are func\u021bie de impuls.<\/p>\n<p>Func\u021bii<br \/>\nPrevazut cu un intrerupator de siguranta.<br \/>\nInclude dou\u0103 viteze<br \/>\nEchipat cu func\u021bie de puls.<br \/>\nLam\u0103 dubl\u0103 din o\u021bel inoxidabil \u00een form\u0103 de S<br \/>\nCapac transparent cu orificiu pentru umplerea lichidului.<\/p>\n<p>Caracteristici<br \/>\nGreutate neta: 28 kg<br \/>\nCapacitate bol: 12L<br \/>\nDimensiuni: (LaxAdxIn) 410x380x620 cm<br \/>\nViteza: 1500 &#8211; 2800 rpm<br \/>\n230 V \/ 50 Hz \/ 1 faza 2200 W<\/p>\n","protected":false},"excerpt":{"rendered":"<p>Greutate neta: 28 kg; Capacitate bol: 12 L; Dimensiuni: (LaxAdxIn) 410x380x620 cm; Viteza: 1500 &#8211; 2800 rpm; 230 V \/ 50 Hz \/ 1 faza 2200 W.<\/p>\n","protected":false},"featured_media":40962,"template":"","meta":[],"_links":{"self":[{"href":"https:\/\/evotek.md\/ro\/wp-json\/wp\/v2\/product\/40963"}],"collection":[{"href":"https:\/\/evotek.md\/ro\/wp-json\/wp\/v2\/product"}],"about":[{"href":"https:\/\/evotek.md\/ro\/wp-json\/wp\/v2\/types\/product"}],"wp:featuredmedia":[{"embeddable":true,"href":"https:\/\/evotek.md\/ro\/wp-json\/wp\/v2\/media\/40962"}],"wp:attachment":[{"href":"https:\/\/evotek.md\/ro\/wp-json\/wp\/v2\/media?parent=40963"}],"curies":[{"name":"wp","href":"https:\/\/api.w.org\/{rel}","templated":true}]}}