{"id":40948,"date":"2024-06-28T08:00:02","date_gmt":"2024-06-28T08:30:04","guid":{"rendered":"https:\/\/evotek.md\/?post_type=product&#038;p=40948"},"modified":"2024-06-28T08:30:37","modified_gmt":"2024-06-28T08:30:37","slug":"toaster-tip-tunel-600-felii-pe-ora-casselin-ctv300","status":"publish","type":"product","link":"https:\/\/evotek.md\/ro\/produse\/echipamente-termice\/toastere\/toaster-tip-tunel-600-felii-pe-ora-casselin-ctv300\/","title":{"rendered":"TOASTER TIP TUNEL, 600 FELII PE ORA -CASSELIN-CTV300"},"content":{"rendered":"<p><strong>TOASTER TIP TUNEL, 600 FELII PE ORA -CASSELIN-CTV300<\/strong><br \/>\n2 compartimente camere pentru partea superioar\u0103 \u0219i inferioar\u0103 a hamburgerului (este posibil\u0103 reglarea dimensiunii camerelor de ghidare, \u00een func\u021bie de \u00een\u0103l\u021bimea chiflei). Timp de preg\u0103tire pentru p\u00e2ine pr\u0103jit\u0103 24 sec. Capacitate: 600 de p\u00e2ine pr\u0103jit\u0103 pe or\u0103 (300 de hamburgeri pe or\u0103). Termostat mecanic.<\/p>\n<p>Caracteristici<br \/>\nCarcasa din otel inoxidabil<br \/>\nComutator pornit\/oprit<br \/>\nTransportor automat<br \/>\nRol\u0103 cu dou\u0103 niveluri pentru partea de sus \u0219i de jos a burgerului<br \/>\nPr\u0103ji\u021bi timp de 24 de secunde<br \/>\nCapacitate: 600 p\u00e2ine pr\u0103jit\u0103 pe or\u0103, adic\u0103 300 hamburger<br \/>\nReglarea temperaturii cu ajutorul unui termostat<br \/>\nPutere: 1,5 kW \/ 230 V<br \/>\nDimensiuni: (LxPxL) 460x320x570 mm<br \/>\nGreutate: 17,5 kg<\/p>\n","protected":false},"excerpt":{"rendered":"<p>Carcasa din otel inoxidabil; Comutator pornit\/oprit; Transportor automat; Rol\u0103 cu dou\u0103 niveluri pentru partea de sus \u0219i de jos a burgerului; Pr\u0103ji\u021bi timp de 24 de secunde; Capacitate: 600 p\u00e2ine pr\u0103jit\u0103 pe or\u0103, adic\u0103 300 hamburger; Reglarea temperaturii cu ajutorul unui termostat; Putere: 1,5 kW \/ 230 V; Dimensiuni: (LxPxL) 460x320x570 mm; Greutate: 17,5 kg.<\/p>\n","protected":false},"featured_media":40947,"template":"","meta":[],"_links":{"self":[{"href":"https:\/\/evotek.md\/ro\/wp-json\/wp\/v2\/product\/40948"}],"collection":[{"href":"https:\/\/evotek.md\/ro\/wp-json\/wp\/v2\/product"}],"about":[{"href":"https:\/\/evotek.md\/ro\/wp-json\/wp\/v2\/types\/product"}],"wp:featuredmedia":[{"embeddable":true,"href":"https:\/\/evotek.md\/ro\/wp-json\/wp\/v2\/media\/40947"}],"wp:attachment":[{"href":"https:\/\/evotek.md\/ro\/wp-json\/wp\/v2\/media?parent=40948"}],"curies":[{"name":"wp","href":"https:\/\/api.w.org\/{rel}","templated":true}]}}