{"id":40942,"date":"2024-06-27T07:29:48","date_gmt":"2024-06-27T07:30:59","guid":{"rendered":"https:\/\/evotek.md\/?post_type=product&#038;p=40942"},"modified":"2024-06-27T07:32:55","modified_gmt":"2024-06-27T07:32:55","slug":"dozator-de-apa-3-60-l-min-macpan-ma-1p","status":"publish","type":"product","link":"https:\/\/evotek.md\/ro\/produse\/fara-categorie\/dozator-de-apa-3-60-l-min-macpan-ma-1p\/","title":{"rendered":"DOZATOR DE APA 3-60 l\/min -MACPAN-MA\/1P"},"content":{"rendered":"<p><strong>DOZATOR DE APA 3-60 l\/min -MACPAN-MA\/1P<\/strong><br \/>\nDozatoarele de ap\u0103 sunt folosite pentru a regla cantitatea de ap\u0103 care intr\u0103 \u00een vasul mixerului de aluat la fr\u0103m\u00e2ntarea aluatului. Sunt folosite \u00een marile ateliere \u0219i brut\u0103rii. Utilizarea dozatoarelor elimin\u0103 risipa de materii prime, ajut\u0103 la men\u021binerea exact\u0103 a re\u021betei de aluat \u0219i accelereaz\u0103 procesul de produc\u021bie a produselor de panifica\u021bie.<br \/>\nFolosind un panou de control digital, procesul de alimentare cu ap\u0103 este configurat \u0219i controlat. Panoul de control v\u0103 permite s\u0103 seta\u021bi deplasarea, s\u0103 seta\u021bi \u0219i s\u0103 salva\u021bi 9 programe \u0219i s\u0103 monitoriza\u021bi vizual indicatorii de pe afi\u0219aj.<br \/>\nDozatoarele au o protec\u021bie fiabil\u0103 \u00eempotriva prafului \u0219i umezelii. Sigur, u\u0219or de instalat \u0219i operat.<\/p>\n<p>Caracteristici<br \/>\nCapacitate: 3 &#8211; 60 l\/min<br \/>\nTensiune: 220 V<br \/>\nPutere: 100W<br \/>\nDimensiuni: 160x120x220 mm<br \/>\nGreutate: 6 kg<\/p>\n","protected":false},"excerpt":{"rendered":"<p>Capacitate: 3 &#8211; 60 l\/min; Tensiune: 220 V; Putere: 100W; Dimensiuni: 160x120x220 mm; Greutate: 6 kg; Conexiuni de ap\u0103 de \u00bd inch (RECE); Debit maxim de ap\u0103 30LT\/MIN; Presiune maxim\u0103 de intrare a apei 10 bar; Temperatura MAX apa la intrare 60\u00b0C.<\/p>\n","protected":false},"featured_media":40941,"template":"","meta":[],"_links":{"self":[{"href":"https:\/\/evotek.md\/ro\/wp-json\/wp\/v2\/product\/40942"}],"collection":[{"href":"https:\/\/evotek.md\/ro\/wp-json\/wp\/v2\/product"}],"about":[{"href":"https:\/\/evotek.md\/ro\/wp-json\/wp\/v2\/types\/product"}],"wp:featuredmedia":[{"embeddable":true,"href":"https:\/\/evotek.md\/ro\/wp-json\/wp\/v2\/media\/40941"}],"wp:attachment":[{"href":"https:\/\/evotek.md\/ro\/wp-json\/wp\/v2\/media?parent=40942"}],"curies":[{"name":"wp","href":"https:\/\/api.w.org\/{rel}","templated":true}]}}