{"id":40936,"date":"2024-06-27T07:15:37","date_gmt":"2024-06-27T07:15:37","guid":{"rendered":"https:\/\/evotek.md\/?post_type=product&#038;p=40936"},"modified":"2024-06-27T07:17:45","modified_gmt":"2024-06-27T07:17:45","slug":"mec-klp-4-72","status":"publish","type":"product","link":"https:\/\/evotek.md\/ro\/produse\/echipamente-termice\/cuptoare-pentru-pizza-cuptoare\/mec-klp-4-72\/","title":{"rendered":"CUPTOR ELECTRIC PENTRU PIZZA 4 PIZZA \u00d8350 mm -MEC-KLP 4\/72"},"content":{"rendered":"<p><strong>CUPTOR ELECTRIC PENTRU PIZZA 4 PIZZA \u00d8350 mm -MEC-KLP 4\/72-<\/strong>\u00a0se foloseste in catering si comert pentru coacerea pizza sau paine.<\/p>\n<p><strong>Particularitati:<\/strong><br \/>\nStructur\u0103 din o\u021bel inoxidabil<br \/>\nLumina interioar\u0103<br \/>\nSenzor de temperatur\u0103 pe fiecare camer\u0103 de coacere<br \/>\nSuprafa\u021b\u0103 de copt refractar\u0103 de calitate alimentar\u0103<br \/>\n2 termostate per camera de coacere<br \/>\nElemente de \u00eenc\u0103lzire blindate<\/p>\n<p>Caracteristici<br \/>\nTipul echipamentului: electric<br \/>\nTip de control: mecanic<br \/>\nConsum de energie: 6,0 kW<br \/>\nNumar de camere: 1<br \/>\nL\u0103\u021bimea camerei: 720 mm<br \/>\nAd\u00e2ncimea camerei: 720 mm<br \/>\n\u00cen\u0103l\u021bimea camerei: 140 mm<br \/>\nCapacitate pizza: 4<br \/>\nTemperatura maxim\u0103 \u00een interiorul camerei: 500 \u00b0C<br \/>\nLatime: 1010 mm<br \/>\nAd\u00e2ncime: 850 mm<br \/>\nInaltime: 420 mm<br \/>\nGreutate neta: 95 kg<br \/>\nGreutate brut\u0103: 109 kg<br \/>\nProducator: MEC, Italy<\/p>\n","protected":false},"excerpt":{"rendered":"<p>Cuptor electric pentru pizza. Tipul echipamentului: electric; Tip de control: mecanic; Consum de energie: 6,0 kW; Numar de camere: 1; L\u0103\u021bimea camerei: 720 mm; Ad\u00e2ncimea camerei: 720 mm; \u00cen\u0103l\u021bimea camerei: 140 mm; Capacitate pizza: 4; Temperatura maxim\u0103 \u00een interiorul camerei: 500 \u00b0C; Latime: 1010 mm; Ad\u00e2ncime: 850 mm; Inaltime: 420 mm; Greutate neta: 95 kg; Greutate brut\u0103: 109 kg.<\/p>\n","protected":false},"featured_media":40938,"template":"","meta":[],"_links":{"self":[{"href":"https:\/\/evotek.md\/ro\/wp-json\/wp\/v2\/product\/40936"}],"collection":[{"href":"https:\/\/evotek.md\/ro\/wp-json\/wp\/v2\/product"}],"about":[{"href":"https:\/\/evotek.md\/ro\/wp-json\/wp\/v2\/types\/product"}],"wp:featuredmedia":[{"embeddable":true,"href":"https:\/\/evotek.md\/ro\/wp-json\/wp\/v2\/media\/40938"}],"wp:attachment":[{"href":"https:\/\/evotek.md\/ro\/wp-json\/wp\/v2\/media?parent=40936"}],"curies":[{"name":"wp","href":"https:\/\/api.w.org\/{rel}","templated":true}]}}