{"id":40931,"date":"2024-06-27T06:47:59","date_gmt":"2024-06-27T06:52:51","guid":{"rendered":"https:\/\/evotek.md\/?post_type=product&#038;p=40931"},"modified":"2024-06-27T06:52:51","modified_gmt":"2024-06-27T06:52:51","slug":"racitor-rapid-de-apa-cu-dozator-100-litri-macpan-cwr100d","status":"publish","type":"product","link":"https:\/\/evotek.md\/ro\/produse\/fara-categorie\/racitor-rapid-de-apa-cu-dozator-100-litri-macpan-cwr100d\/","title":{"rendered":"RACITOR RAPID DE APA CU DOZATOR 100 LITRI -MACPAN-CWR100D"},"content":{"rendered":"<p><strong>RACITOR RAPID DE APA CU DOZATOR 100 LITRI -MACPAN-CWR100D<\/strong><br \/>\nR\u0103citoarele de ap\u0103 sunt proiectate pentru r\u0103cirea apei pentru prepararea amestecurilor alimentare precum p\u00e2ine, paste, etc. Sunt realizate din o\u021bel inoxidabil, rezervorul \u0219i serpentina de evaporare 304 sunt echipate cu fitinguri \u0219i materiale doar de pe pia\u021ba european\u0103. Echipamentul standard include control electronic al temperaturii, control electric al nivelului cu supap\u0103 solenoidal\u0103 pentru umplere automat\u0103, un sistem de circula\u021bie a apei \u00een interiorul rezervorului cu ajutorul pompelor, care serve\u0219te la accelerarea procesului de r\u0103cire, se realizeaz\u0103 desc\u0103rcarea c\u0103tre unitatea de control de dozare sau direct \u00een mixer. folosind o electropompa cu comanda manuala la modelul CWR50D sau cu control electronic al presiunii, realizata integral din alama, la modelul CWR100D.<\/p>\n<p>sistem de acumulare, cu rezervor &#8211; complet cu dozator de apa &#8211; trei faze &#8211; 300 l\/h (pompa de circulatie, termostat electronic, pompa de scurgere, incarcare automata) &#8211; pe roti.<\/p>\n<p>Caracteristici<br \/>\nConstructie: otel inoxidabil<br \/>\nDimensiuni: 1000x700x1100 mm<br \/>\nCapacitate rezervor: 100 litri<br \/>\nCapacitate de productie: 300 litri\/ora<br \/>\nTemperatura: + 3 \u00b0C \/ + 18 \u00b0C<br \/>\nAgent frigorific: R404<br \/>\nAlimentare: 380 V<br \/>\nPutere: 2,30 kW<br \/>\nGreutate: 200 kg<br \/>\nPompa de recirculare a apei<br \/>\nSistem automat de umplere<br \/>\nTermostat \u0219i dispozitiv electronic de dozare<\/p>\n","protected":false},"excerpt":{"rendered":"<p>Constructie: otel inoxidabil; Dimensiuni: 1000x700x1100 mm; Capacitate rezervor: 100 litri; Capacitate de productie: 300 litri\/ora; Temperatura: + 3 \u00b0C \/ + 18 \u00b0C; Agent frigorific: R404; Alimentare: 380 V; Putere: 2,30 kW; Greutate: 200 kg; Pompa de recirculare a apei; Sistem automat de umplere; Termostat \u0219i dispozitiv electronic de dozare.<\/p>\n","protected":false},"featured_media":40930,"template":"","meta":[],"_links":{"self":[{"href":"https:\/\/evotek.md\/ro\/wp-json\/wp\/v2\/product\/40931"}],"collection":[{"href":"https:\/\/evotek.md\/ro\/wp-json\/wp\/v2\/product"}],"about":[{"href":"https:\/\/evotek.md\/ro\/wp-json\/wp\/v2\/types\/product"}],"wp:featuredmedia":[{"embeddable":true,"href":"https:\/\/evotek.md\/ro\/wp-json\/wp\/v2\/media\/40930"}],"wp:attachment":[{"href":"https:\/\/evotek.md\/ro\/wp-json\/wp\/v2\/media?parent=40931"}],"curies":[{"name":"wp","href":"https:\/\/api.w.org\/{rel}","templated":true}]}}