{"id":40910,"date":"2024-06-25T13:02:40","date_gmt":"2024-06-25T13:02:40","guid":{"rendered":"https:\/\/evotek.md\/?post_type=product&#038;p=40910"},"modified":"2024-06-25T13:04:46","modified_gmt":"2024-06-25T13:04:46","slug":"sirman-60300752","status":"publish","type":"product","link":"https:\/\/evotek.md\/ro\/produse\/echipamente-electromecanice\/mixer-planetar\/sirman-60300752\/","title":{"rendered":"MIXER PLANETAR, 7 LITRI (gri) -SIRMAN-60300752"},"content":{"rendered":"<p><strong>MIXER PLANETAR, 7 LITRI (gri) -SIRMAN-60300752<\/strong><\/p>\n<p>Cap basculant pentru a scoate vasul \u0219i uneltele \u0219i pentru a le str\u00e2nge cu u\u0219urin\u021b\u0103.<br \/>\nBol de 7 litri detasabil.<br \/>\nMotor DC cu control variabil al vitezei.<br \/>\nMicro\u00eentrerup\u0103tor de siguran\u021b\u0103 pe cap.<br \/>\nDispozitiv NVR.<br \/>\nPotrivit pentru aluat moale, pentru aluat mediu (ex. paine)<br \/>\nNu este potrivit pentru amestecuri dure. (de exemplu, taralli).<br \/>\nButon de prindere rapid\u0103 a capului.<br \/>\nInclude tel, batator si carlig.<\/p>\n<p>Caracteristici<br \/>\nCapacitate: 7 litri<br \/>\nLatime: 240 mm<br \/>\nAd\u00e2ncime: 410 mm<br \/>\n\u00cen\u0103l\u021bime: 437 mm<br \/>\nGreutate: 18 kg<br \/>\nViteza spiral\u0103: 75\u2013660 rpm<br \/>\nTensiune: 230 V<br \/>\nConexiune: 0,28 kW<\/p>\n","protected":false},"excerpt":{"rendered":"<p>Mixer planetar cu un volum de 7 litri. Latime: 240 mm; Ad\u00e2ncime: 410 mm; \u00cen\u0103l\u021bime: 437 mm; Greutate: 18 kg; Viteza spiral\u0103: 75\u2013660 rpm; Tensiune: 230 V; Conexiune: 0,28 kW.<\/p>\n","protected":false},"featured_media":40908,"template":"","meta":[],"_links":{"self":[{"href":"https:\/\/evotek.md\/ro\/wp-json\/wp\/v2\/product\/40910"}],"collection":[{"href":"https:\/\/evotek.md\/ro\/wp-json\/wp\/v2\/product"}],"about":[{"href":"https:\/\/evotek.md\/ro\/wp-json\/wp\/v2\/types\/product"}],"wp:featuredmedia":[{"embeddable":true,"href":"https:\/\/evotek.md\/ro\/wp-json\/wp\/v2\/media\/40908"}],"wp:attachment":[{"href":"https:\/\/evotek.md\/ro\/wp-json\/wp\/v2\/media?parent=40910"}],"curies":[{"name":"wp","href":"https:\/\/api.w.org\/{rel}","templated":true}]}}