{"id":40900,"date":"2024-06-25T12:37:31","date_gmt":"2024-06-25T12:37:31","guid":{"rendered":"https:\/\/evotek.md\/?post_type=product&#038;p=40900"},"modified":"2024-06-25T12:42:06","modified_gmt":"2024-06-25T12:42:06","slug":"65332112p","status":"publish","type":"product","link":"https:\/\/evotek.md\/ro\/produse\/echipamente-electromecanice\/blendere\/65332112p\/","title":{"rendered":"BLENDER GRI, 2 LITRI, CU IZOLARE FONICA -SIRMAN-65332112P"},"content":{"rendered":"<p><strong>BLENDER GRI, 2 LITRI, CU IZOLARE FONICA -SIRMAN-65332112P<\/strong><br \/>\nBlenderul este conceput pentru a satisface cerin\u021bele specifice barurilor, restaurantelor, cafenelelor etc.<\/p>\n<p>Sistem de etan\u0219are cu diafragm\u0103 pentru a \u00eempiedica p\u0103trunderea lichidelor \u00een vehicul.<\/p>\n<p>Motor puternic, cu ventila\u021bie for\u021bat\u0103, pentru utilizare de lung\u0103 durat\u0103 \u0219i durabilitate sporit\u0103.<\/p>\n<p>Micro\u00eentrerup\u0103tor magnetic de siguran\u021b\u0103 pe capacul din sticl\u0103 f\u0103r\u0103 pozi\u021bie for\u021bat\u0103.<\/p>\n<p>Comenzi cu membran\u0103 din silicon cu puls ON, OFF \u0219i dispozitiv NVR.<\/p>\n<p>Modelele VV au vitez\u0103 variabil\u0103.<\/p>\n<p>Capac din cauciuc pentru sticla cu dop pentru adaugarea ingredientelor.<\/p>\n<p>Carcas\u0103 butuc de transmisie din o\u021bel inoxidabil; poate fi u\u0219or separat de corpul de sticl\u0103 pentru o cur\u0103\u021bare u\u0219oar\u0103.<\/p>\n<p>Arborele de t\u0103iere este sus\u021binut de rulmen\u021bi cu bile pentru a preveni supra\u00eenc\u0103lzirea \u0219i pentru a oferi o durabilitate sporit\u0103.<\/p>\n<p>Angrenaj \u00een stea din o\u021bel sinterizat de \u00eenalt\u0103 rezisten\u021b\u0103.<\/p>\n<p>Arbore cu 4 spi\u021be produs prin o singur\u0103 ap\u0103sare din o\u021bel c\u0103lit pentru a se potrivi cu lame \u0219i zdrobi ghea\u021ba.<\/p>\n<p>O sticl\u0103 p\u0103trat\u0103 de 2 litri a devenit imposibil de spart.<\/p>\n<p>material transparent gradat in litri, galoane din Marea Britanie si SUA<\/p>\n<p>Un pahar patrat foarte practic cu capacitatea de a turna in 3 directii diferite, ideal pentru prepararea bauturilor congelate, smoothie-urilor cu siropuri si concentrate.<\/p>\n<p>Ideal pentru prepararea de bauturi congelate, smoothie-uri cu siropuri si concentrate.<\/p>\n<p>Caracteristici<br \/>\nVolum bol: 2 litri<br \/>\nTuratie: 8000\u00f716000 rpm<br \/>\nTensiune: 220 V<br \/>\nPutere electrica: 0,75 kW<br \/>\nLungime: 208 mm<br \/>\nLatime: 210 mm<br \/>\nInaltime: 490 mm<br \/>\nGreutate neta: 5 kg<br \/>\nLungime in ambalaj: 310 mm<br \/>\nL\u0103\u021bimea in ambalaj: 300 mm<br \/>\n\u00cen\u0103l\u021bime in ambalaj: 530 mm<\/p>\n","protected":false},"excerpt":{"rendered":"<p>Blender profesional 2 litri. Turatie: 8000\u00f716000 rpm; Tensiune: 220 V; Putere electrica: 0,75 kW; Lungime: 208 mm; Latime: 210 mm; Inaltime: 490 mm; Greutate neta: 5 kg; Lungime in ambalaj: 310 mm; L\u0103\u021bimea in ambalaj: 300 mm; \u00cen\u0103l\u021bime in ambalaj: 530 mm.<\/p>\n","protected":false},"featured_media":40903,"template":"","meta":[],"_links":{"self":[{"href":"https:\/\/evotek.md\/ro\/wp-json\/wp\/v2\/product\/40900"}],"collection":[{"href":"https:\/\/evotek.md\/ro\/wp-json\/wp\/v2\/product"}],"about":[{"href":"https:\/\/evotek.md\/ro\/wp-json\/wp\/v2\/types\/product"}],"wp:featuredmedia":[{"embeddable":true,"href":"https:\/\/evotek.md\/ro\/wp-json\/wp\/v2\/media\/40903"}],"wp:attachment":[{"href":"https:\/\/evotek.md\/ro\/wp-json\/wp\/v2\/media?parent=40900"}],"curies":[{"name":"wp","href":"https:\/\/api.w.org\/{rel}","templated":true}]}}