{"id":40896,"date":"2024-06-25T12:18:40","date_gmt":"2024-06-25T12:18:40","guid":{"rendered":"https:\/\/evotek.md\/?post_type=product&#038;p=40896"},"modified":"2024-06-25T12:32:48","modified_gmt":"2024-06-25T12:32:48","slug":"65332102p","status":"publish","type":"product","link":"https:\/\/evotek.md\/ro\/produse\/echipamente-electromecanice\/blendere\/65332102p\/","title":{"rendered":"BLENDER GRI, 2 LITRI -SIRMAN-65332102P"},"content":{"rendered":"<p><strong>BLENDER GRI, 2 LITRI -SIRMAN-65332102P-<\/strong> Motor de mare putere cu sistem de ventilatie fortata pentru utilizare continua indelungata si durata de viata mai lunga.<br \/>\nMicro\u00eentrerup\u0103tor magnetic de siguran\u021b\u0103 pe capacul din sticl\u0103 f\u0103r\u0103 pozi\u021bie fix\u0103.<br \/>\nComutator cu membran\u0103 din silicon cu butoane ON \u0219i OFF \u0219i \u00eentrerup\u0103tor automat cu eliberare de tensiune zero.<br \/>\nControler de vitez\u0103.<br \/>\nSticla p\u0103trat\u0103 de 2 litri este realizat\u0103 din material transparent, indestructibil \u0219i este marcat\u0103 \u00een litri sau galoane pentru Marea Britanie \u0219i SUA.<br \/>\nModelul este foarte practic, v\u0103 permite s\u0103 turna\u021bi con\u021binutul \u00een 3 direc\u021bii diferite, ideal pentru prepararea cocktail-urilor cu ghea\u021b\u0103, cocktail-urilor de fructe cu siropuri \u0219i concentrate.<br \/>\nCapacul paharului este din cauciuc si are o cana gradata pentru adaugarea ingredientelor.<br \/>\nSuportul de cu\u021bit din o\u021bel inoxidabil poate fi \u00eendep\u0103rtat cu u\u0219urin\u021b\u0103 de pe sticl\u0103 pentru o cur\u0103\u021bare u\u0219oar\u0103.<br \/>\nArborele lamei este sus\u021binut de rulmen\u021bi cu bile, ceea ce previne supra\u00eenc\u0103lzirea \u0219i asigur\u0103 o durat\u0103 lung\u0103 de via\u021b\u0103.<br \/>\nSistem de transmisie stea din o\u021bel sinterizat de \u00eenalt\u0103 rezisten\u021b\u0103.<br \/>\nCu\u021bit cu 4 lame de \u0219tan\u021bare solid\u0103 din o\u021bel c\u0103lit folosit la fabricarea tac\u00e2murilor, potrivit \u0219i pentru zdrobirea ghe\u021bii.<br \/>\nSticla p\u0103trat\u0103 este realizat\u0103 \u00een a\u0219a fel \u00eenc\u00e2t s\u0103 v\u0103 permit\u0103 s\u0103 lucra\u021bi cu o cantitate mare de ghea\u021b\u0103, inclusiv cu ghea\u021b\u0103 uscat\u0103.<br \/>\nSticla practica si functionala va permite sa turnati continutul in 3 directii diferite.<br \/>\nIdeal pentru prepararea de cocktailuri cu ghea\u021b\u0103 sau cocktailuri de fructe cu siropuri \u0219i concentrate.<br \/>\nSistem de transmisie multipunct din otel inoxidabil.<\/p>\n<p>Caracteristici<br \/>\nVolum cuva: 2 litri<br \/>\nTuratie: 8000\u00f716000 rpm<br \/>\nTensiune: 220 V<br \/>\nPutere electrica: 0,75 kW<br \/>\nLungime: 208 mm<br \/>\nLatime: 210 mm<br \/>\nInaltime: 490 mm<br \/>\nGreutate neta: 5 kg<br \/>\nLungime in ambalaj: 310 mm<br \/>\nL\u0103\u021bime in ambalaj: 300 mm<br \/>\n\u00cen\u0103l\u021bime in ambalaj: 486 mm<\/p>\n","protected":false},"excerpt":{"rendered":"<p>Blender profesional 2 litri; Turatie: 8000\u00f716000 rpm; Tensiune: 220 V; Putere electrica: 0,75 kW; Lungime: 208 mm; Latime: 210 mm; Inaltime: 490 mm; Greutate neta: 5 kg; Lungime in ambalaj: 310 mm; L\u0103\u021bime in ambalaj: 300 mm; \u00cen\u0103l\u021bime in ambalaj: 486 mm.<\/p>\n","protected":false},"featured_media":38022,"template":"","meta":[],"_links":{"self":[{"href":"https:\/\/evotek.md\/ro\/wp-json\/wp\/v2\/product\/40896"}],"collection":[{"href":"https:\/\/evotek.md\/ro\/wp-json\/wp\/v2\/product"}],"about":[{"href":"https:\/\/evotek.md\/ro\/wp-json\/wp\/v2\/types\/product"}],"wp:featuredmedia":[{"embeddable":true,"href":"https:\/\/evotek.md\/ro\/wp-json\/wp\/v2\/media\/38022"}],"wp:attachment":[{"href":"https:\/\/evotek.md\/ro\/wp-json\/wp\/v2\/media?parent=40896"}],"curies":[{"name":"wp","href":"https:\/\/api.w.org\/{rel}","templated":true}]}}