{"id":40890,"date":"2024-06-25T10:30:41","date_gmt":"2024-06-25T10:30:40","guid":{"rendered":"https:\/\/evotek.md\/?post_type=product&#038;p=40890"},"modified":"2024-06-25T10:41:45","modified_gmt":"2024-06-25T10:41:45","slug":"blender-immersion-340-mm-ciclone-28-vt-sirman-66520102","status":"publish","type":"product","link":"https:\/\/evotek.md\/ro\/produse\/echipamente-electromecanice\/blender-stick\/blender-immersion-340-mm-ciclone-28-vt-sirman-66520102\/","title":{"rendered":"BLENDER STICK 340 mm CICLONE 28 VT -SIRMAN-66520102"},"content":{"rendered":"<p>BLENDER IMMERSION 340 mm CICLONE 28 VT -SIRMAN-66520102<br \/>\nSistem eficient de racire a motorului.<br \/>\nCadru durabil \u0219i u\u0219or din plastic ABS umplut cu sticl\u0103.<br \/>\nM\u00e2ner practic \u0219i ergonomic.<br \/>\nControl fix al vitezei \u0219i Variotronic cu stabilizator<br \/>\nSistem de siguran\u021b\u0103 \u00eempotriva incendiului accidental al comutatorului de declan\u0219are.<br \/>\nDisponibil \u00een 3 motoare diferite<br \/>\nAparatul este protejat de standardul IPX3.<br \/>\nSistem de conectare rapid\u0103<br \/>\nArborele sunt disponibile \u00een dimensiunile 25 \u0219i 35 cm.<br \/>\nCu\u021bite din o\u021bel de mas\u0103<br \/>\nCorolla cu angrenaj metalic.<br \/>\nBiceurile pot fi \u00eendep\u0103rtate \u0219i sp\u0103late \u00een ma\u0219ina de sp\u0103lat vase.<\/p>\n<p>Caracteristici<br \/>\nEchipament: cu\u021bit-blender.<br \/>\nLungimea cu\u021bitului: 340 mm<br \/>\nVolumul lichid prelucrat: 40 litri<br \/>\nControl fluid al vitezei<br \/>\nViteza de rotatie a blenderului: 2300-16000 rpm<br \/>\nMaterial cu\u021bit: o\u021bel c\u0103lit<br \/>\nDimensiuni (LuxLax\u00cen): 100x182x340 mm<br \/>\nTensiune: 220 V<br \/>\nPutere: 0,38 kW<br \/>\nGreutate neta: 2,2 kg<br \/>\nGreutate brut\u0103: 3,2 kg<br \/>\nDimensiuni ambalaj (LuxLax\u00cen): 440x330x150 mm<br \/>\nProducator: SIRMAN (Italia)<\/p>\n","protected":false},"excerpt":{"rendered":"<p>Blender 340 mm. Echipament: cu\u021bit-blender; Lungimea cu\u021bitului: 340 mm; Volumul lichid prelucrat: 40 litri; Control fluid al vitezei; Viteza de rotatie a blenderului: 2300-16000 rpm; Material cu\u021bit: o\u021bel c\u0103lit; Dimensiuni (LuxLax\u00cen): 100x182x340 mm; Tensiune: 220 V; Putere: 0,38 kW; Greutate neta: 2,2 kg; Greutate brut\u0103: 3,2 kg; Dimensiuni ambalaj (LuxLax\u00cen): 440x330x150 mm; Producator: SIRMAN (Italia).<\/p>\n","protected":false},"featured_media":40893,"template":"","meta":[],"_links":{"self":[{"href":"https:\/\/evotek.md\/ro\/wp-json\/wp\/v2\/product\/40890"}],"collection":[{"href":"https:\/\/evotek.md\/ro\/wp-json\/wp\/v2\/product"}],"about":[{"href":"https:\/\/evotek.md\/ro\/wp-json\/wp\/v2\/types\/product"}],"wp:featuredmedia":[{"embeddable":true,"href":"https:\/\/evotek.md\/ro\/wp-json\/wp\/v2\/media\/40893"}],"wp:attachment":[{"href":"https:\/\/evotek.md\/ro\/wp-json\/wp\/v2\/media?parent=40890"}],"curies":[{"name":"wp","href":"https:\/\/api.w.org\/{rel}","templated":true}]}}