{"id":40875,"date":"2024-06-24T12:27:05","date_gmt":"2024-06-24T12:27:05","guid":{"rendered":"https:\/\/evotek.md\/?post_type=product&#038;p=40875"},"modified":"2024-06-24T12:28:02","modified_gmt":"2024-06-24T12:28:02","slug":"gea4eba5","status":"publish","type":"product","link":"https:\/\/evotek.md\/ro\/produse\/echipamente-electromecanice\/feliatoare-legume-si-cutite-feliatoare\/feliatoare-legume\/gea4eba5\/","title":{"rendered":"FELIATOR DE LEGUME, CU 4 DISCURI INCLUSE -GGMGASTRO-GEA4#EBA5"},"content":{"rendered":"<p><strong>FELIATOR DE LEGUME, CU 4 DISCURI INCLUSE -GGMGASTRO-GEA4#EBA5-<\/strong> Suport stabil \u0219i sigur pentru t\u0103ietorul de legume datorit\u0103 celor patru picioare de cauciuc pentru siguran\u021b\u0103 sporit\u0103<\/p>\n<p>Caracteristici<br \/>\nPoate fi combinat cu EBA5<br \/>\nPentru: ciuperci ceapa, castrave\u021bi, morcovi, varza, altor legume \u0219i cascaval<br \/>\nComutator pornit\/oprit<br \/>\nAc\u021bionare direct\u0103 cu motor<br \/>\nInclusiv 4 discuri de feliere\/r\u0103zuire<br \/>\nCapacitate: 3 l<br \/>\nRPM: 1.500 &#8211; 1.750<br \/>\nPicioare din cauciuc<br \/>\nFunc\u021bionare cu zgomot redus<br \/>\nProtec\u021bie \u00eempotriva stropilor<br \/>\nLame deta\u0219abile<br \/>\nMaterial: o\u021bel inoxidabil, capac din policarbonat<br \/>\nSistem de conectare<br \/>\nPutere: 735 Watt<br \/>\nDimensiuni exterioare LuxLax\u00cen: 430x285x691 mm<br \/>\nTensiune 220 &#8211; 240 Vol\u021bi<br \/>\nFazele 1N\/PE<br \/>\nGreutate 21,50 kg<\/p>\n<p>Inclus:<br \/>\n1 x disc de feliere 2 mm<br \/>\n1 x disc de feliere 4 mm<br \/>\n1 x disc razatoare 3 mm<br \/>\n1 x disc r\u0103z\u0103toare 7 mm<br \/>\n1 perie de cur\u0103\u021bare<br \/>\n1x cheie<br \/>\n1 x recipient de colectare<\/p>\n","protected":false},"excerpt":{"rendered":"<p>Feliator de legume. Poate fi combinat cu EBA5; Pentru: ciuperci ceapa, castrave\u021bi, morcovi, varza, altor legume \u0219i cascaval; Comutator pornit\/oprit; Ac\u021bionare direct\u0103 cu motor; Inclusiv 4 discuri de feliere\/r\u0103zuire; Capacitate: 3 l; RPM: 1.500 &#8211; 1.750; Picioare din cauciuc; Func\u021bionare cu zgomot redus; Protec\u021bie \u00eempotriva stropilor; Lame deta\u0219abile; Material: o\u021bel inoxidabil, capac din policarbonat; Sistem de conectare; Putere: 735 Watt; Dimensiuni exterioare LuxLax\u00cen: 430x285x691 mm; Tensiune 220 &#8211; 240 Vol\u021bi; Fazele 1N\/PE; Greutate 21,50 kg; (Include: 1 x disc de feliere 2 mm; 1 x disc de feliere 4 mm; 1 x disc razatoare 3 mm; 1 x disc r\u0103z\u0103toare 7 mm; 1 perie de cur\u0103\u021bare; 1x cheie; 1 x recipient de colectare.)<\/p>\n","protected":false},"featured_media":40826,"template":"","meta":[],"_links":{"self":[{"href":"https:\/\/evotek.md\/ro\/wp-json\/wp\/v2\/product\/40875"}],"collection":[{"href":"https:\/\/evotek.md\/ro\/wp-json\/wp\/v2\/product"}],"about":[{"href":"https:\/\/evotek.md\/ro\/wp-json\/wp\/v2\/types\/product"}],"wp:featuredmedia":[{"embeddable":true,"href":"https:\/\/evotek.md\/ro\/wp-json\/wp\/v2\/media\/40826"}],"wp:attachment":[{"href":"https:\/\/evotek.md\/ro\/wp-json\/wp\/v2\/media?parent=40875"}],"curies":[{"name":"wp","href":"https:\/\/api.w.org\/{rel}","templated":true}]}}