{"id":40871,"date":"2024-06-24T11:56:12","date_gmt":"2024-06-24T11:56:12","guid":{"rendered":"https:\/\/evotek.md\/?post_type=product&#038;p=40871"},"modified":"2024-06-24T12:06:31","modified_gmt":"2024-06-24T12:06:31","slug":"ggmgastro-bsmnp16","status":"publish","type":"product","link":"https:\/\/evotek.md\/ro\/produse\/echipamente-termice\/ggmgastro-bsmnp16\/","title":{"rendered":"DISPOVITIV ELECTRIC PENTRU CURTOS 16 FORME DREPTE, FARA RULOURI -GGMGASTRO-BSMNP16"},"content":{"rendered":"<p><strong>DISPOVITIV ELECTRIC PENTRU CURTOS 16 FORME DREPTE, FARA RULOURI -GGMGASTRO-BSMNP16<\/strong><\/p>\n<p>Aparat profesional<br \/>\nExcelent pentru utilizare \u00een buc\u0103t\u0103riile profesionale.<br \/>\nUsor de curatat<br \/>\nCalitate superioar\u0103<br \/>\nO\u021bel inoxidabil de \u00eenalt\u0103 calitate<\/p>\n<p>Fabricat \u00een conformitate cu standardele actuale de igien\u0103 \u0219i siguran\u021b\u0103<br \/>\nMarcajul CE ca confirmare a conformit\u0103\u021bii cu standardele de reglementare ale UE<br \/>\nMaterialele respect\u0103 standardele europene de siguran\u021b\u0103 alimentar\u0103<\/p>\n<p>Caracteristici<br \/>\nDimensiuni exterioare LxPxA: 760x375x535 mm<br \/>\nLungimea total\u0103 a rolelor de copt: 640 mm<br \/>\nLungime maner din lemn: 165 mm<br \/>\nLungime rola din lemn: 250 mm<br \/>\nRola din lemn \u00d8 (spate): 60 mm<br \/>\nRol\u0103 din lemn \u00d8 (fa\u021b\u0103): 46 mm<br \/>\nForme: 16 buc\u0103\u021bi (form\u0103 dreapt\u0103)<br \/>\nConexiune: 3,5 kW &#8211; 220 vol\u021bi &#8211; 50 Hz<\/p>\n","protected":false},"excerpt":{"rendered":"<p>Dispovitiv electric pentru curtos, fara forme (rulouri). Dimensiuni exterioare LaxAdx\u00cen: 760x375x535 mm; Lungimea total\u0103 a rolelor de copt: 640 mm; Lungime maner din lemn: 165 mm; Lungime rola din lemn: 250 mm; Rola din lemn \u00d8 (spate): 60 mm; Rol\u0103 din lemn \u00d8 (fa\u021b\u0103): 46 mm; Forme: 16 buc\u0103\u021bi (form\u0103 dreapt\u0103); Conexiune: 3,5 kW &#8211; 220 vol\u021bi &#8211; 50 Hz.<\/p>\n","protected":false},"featured_media":40873,"template":"","meta":[],"_links":{"self":[{"href":"https:\/\/evotek.md\/ro\/wp-json\/wp\/v2\/product\/40871"}],"collection":[{"href":"https:\/\/evotek.md\/ro\/wp-json\/wp\/v2\/product"}],"about":[{"href":"https:\/\/evotek.md\/ro\/wp-json\/wp\/v2\/types\/product"}],"wp:featuredmedia":[{"embeddable":true,"href":"https:\/\/evotek.md\/ro\/wp-json\/wp\/v2\/media\/40873"}],"wp:attachment":[{"href":"https:\/\/evotek.md\/ro\/wp-json\/wp\/v2\/media?parent=40871"}],"curies":[{"name":"wp","href":"https:\/\/api.w.org\/{rel}","templated":true}]}}