{"id":40866,"date":"2024-06-12T14:42:49","date_gmt":"2024-06-12T14:44:07","guid":{"rendered":"https:\/\/evotek.md\/?post_type=product&#038;p=40866"},"modified":"2024-06-12T14:45:04","modified_gmt":"2024-06-12T14:45:04","slug":"coldline-a55-1bfh","status":"publish","type":"product","link":"https:\/\/evotek.md\/ro\/produse\/fara-categorie\/coldline-a55-1bfh\/","title":{"rendered":"DOSPITOR 34 NIVELE -COLDLINE-A55\/1BFH"},"content":{"rendered":"<p><strong>DOSPITOR 34 NIVELE -COLDLINE-A55\/1BFH<\/strong><\/p>\n<p>Caracteristici<br \/>\nCapacitate maxima: 34 tavi EN60x40<br \/>\nCapacitate bruta: 489 lt<br \/>\nInterval de temperatur\u0103: -20\u00b0+40\u00b0C<br \/>\nUnitate frigorific\u0103: Cu unitate \u00eencorporat\u0103<br \/>\nFreon: R290<br \/>\nDezghe\u021bare: Dezghe\u021bare electric\u0103<br \/>\nSupap\u0103: Se livreaz\u0103 cu solenoid<br \/>\nDimensiuni: 630\u00d7815\u00d72085 mm<br \/>\nDimensiuni ambalaj: 835\u00d7930\u00d72138 mm<br \/>\nGreutate bruta: 145 Kg<br \/>\nTensiune: 220-240 V &#8211; 50 Hz<br \/>\nGeneral electr. putere: 1220 W<br \/>\nConsum de curent: 5,6 A<br \/>\nRece. putere: 540 W*<br \/>\nEvaporator: -30\u00b0C cond. +55\u00b0C<\/p>\n","protected":false},"excerpt":{"rendered":"<p>Capacitate maxima: 34 tavi EN60x40; Capacitate bruta: 489 lt; Interval de temperatur\u0103: -20\u00b0+40\u00b0C; Unitate frigorific\u0103: Cu unitate \u00eencorporat\u0103; Freon: R290; Dezghe\u021bare: Dezghe\u021bare electric\u0103; Supap\u0103: Se livreaz\u0103 cu solenoid; Dimensiuni: 630\u00d7815\u00d72085 mm; Dimensiuni ambalaj: 835\u00d7930\u00d72138 mm; Greutate bruta: 145 Kg; Tensiune: 220-240 V &#8211; 50 Hz; General electr. putere: 1220 W; Consum de curent: 5,6 A; Rece. putere: 540 W*; Evaporator: -30\u00b0C cond. +55\u00b0C.<\/p>\n","protected":false},"featured_media":40865,"template":"","meta":[],"_links":{"self":[{"href":"https:\/\/evotek.md\/ro\/wp-json\/wp\/v2\/product\/40866"}],"collection":[{"href":"https:\/\/evotek.md\/ro\/wp-json\/wp\/v2\/product"}],"about":[{"href":"https:\/\/evotek.md\/ro\/wp-json\/wp\/v2\/types\/product"}],"wp:featuredmedia":[{"embeddable":true,"href":"https:\/\/evotek.md\/ro\/wp-json\/wp\/v2\/media\/40865"}],"wp:attachment":[{"href":"https:\/\/evotek.md\/ro\/wp-json\/wp\/v2\/media?parent=40866"}],"curies":[{"name":"wp","href":"https:\/\/api.w.org\/{rel}","templated":true}]}}