{"id":40859,"date":"2024-06-12T07:29:14","date_gmt":"2024-06-12T07:29:14","guid":{"rendered":"https:\/\/evotek.md\/?post_type=product&#038;p=40859"},"modified":"2025-02-06T14:11:39","modified_gmt":"2025-02-06T14:11:39","slug":"hkn-upd98b","status":"publish","type":"product","link":"https:\/\/evotek.md\/ro\/produse\/echipamente-pentru-bar-si-cafea\/vitrine-frigorifice-pentru-patiserie-2\/hkn-upd98b\/","title":{"rendered":"VITRINA FRIGORIFICA PENTRU PATISERIE DE PODEA 98 LITRI (NEAGRA) -HKN-UPD98B"},"content":{"rendered":"<p><strong>VITRINA FRIGORIFICA PENTRU PATISERIE DE PODEA 98 LITRI (NEAGRA) -HKN-UPD98B-<\/strong> Vitrina frigorific\u0103 este conceput\u0103 pentru depozitarea b\u0103uturilor, gust\u0103rilor, salatelor, deserturilor \u0219i alimentelor perisabile cu o temperatur\u0103 de depozitare necesar\u0103 peste 0 \u00b0C.<\/p>\n<p>Caracteristici<br \/>\nVolum: 98 l<br \/>\nCu sticl\u0103 dreapt\u0103<br \/>\nTip de instalare: pe podea<br \/>\nTemperatura minim\u0103 de afi\u0219are: 2 \u00b0C<br \/>\nTemperatura maxima de afisare: 8 \u00b0C<br \/>\nInterval de temperatur\u0103 min-max: 2 &#8230; 8 C<br \/>\nNumar rafturi: 3 buc.<br \/>\nCuloare: negru<br \/>\nAgregat in partea de jos<br \/>\nTip de agent frigorific: R600a<br \/>\nLungime: 447 mm<br \/>\nLatime: 400 mm<br \/>\nInaltime: 1119 mm<br \/>\nPutere: 0,2 kW<br \/>\nTensiune: 220 V<br \/>\nGreutate neta: 39 kg<br \/>\nGreutate bruta: 42 kg<\/p>\n","protected":false},"excerpt":{"rendered":"<p>Vitrin\u0103 frigorific\u0103 de podea. Volum: 98 l; Cu sticl\u0103 dreapt\u0103; Tip de instalare: pe podea; Temperatura minim\u0103 de afi\u0219are: 2 \u00b0C; Temperatura maxima de afisare: 8 \u00b0C; Interval de temperatur\u0103 min-max: 2 &#8230; 8 C; Numar rafturi: 3 buc.; Culoare: negru; Agregat in partea de jos; Tip de agent frigorific: R600a; Lungime: 447 mm<br \/>\nLatime: 400 mm; Inaltime: 1119 mm; Putere: 0,2 kW; Tensiune: 220 V; Greutate neta: 39 kg; Greutate bruta: 42 kg.<\/p>\n","protected":false},"featured_media":40861,"template":"","meta":[],"_links":{"self":[{"href":"https:\/\/evotek.md\/ro\/wp-json\/wp\/v2\/product\/40859"}],"collection":[{"href":"https:\/\/evotek.md\/ro\/wp-json\/wp\/v2\/product"}],"about":[{"href":"https:\/\/evotek.md\/ro\/wp-json\/wp\/v2\/types\/product"}],"wp:featuredmedia":[{"embeddable":true,"href":"https:\/\/evotek.md\/ro\/wp-json\/wp\/v2\/media\/40861"}],"wp:attachment":[{"href":"https:\/\/evotek.md\/ro\/wp-json\/wp\/v2\/media?parent=40859"}],"curies":[{"name":"wp","href":"https:\/\/api.w.org\/{rel}","templated":true}]}}