{"id":40850,"date":"2024-06-12T07:10:20","date_gmt":"2024-06-12T07:10:20","guid":{"rendered":"https:\/\/evotek.md\/?post_type=product&#038;p=40850"},"modified":"2024-06-12T07:27:10","modified_gmt":"2024-06-12T07:27:10","slug":"hkn-lpd160s","status":"publish","type":"product","link":"https:\/\/evotek.md\/ro\/produse\/echipamente-pentru-bar-si-cafea\/vitrine-frigorifice-pentru-patiserie-2\/hkn-lpd160s\/","title":{"rendered":"VITRINA FRIGORIFICA PENTRU PATISERIE DE MASA 160 LITRI (NEAGRA) -HKN-LPD160S"},"content":{"rendered":"<p><strong>VITRINA FRIGORIFICA PENTRU PATISERIE DE MASA 160 LITRI (NEAGRA) -HKN-LPD160S<\/strong><br \/>\nvitrina de mas\u0103 pentru o prezentare excelent\u0103 a produsului<\/p>\n<p>Caracteristici<br \/>\nLungime: 888 mm<br \/>\nLatime: 568 mm<br \/>\nInaltime: 686 mm<br \/>\nTensiune: 220 V<br \/>\nGreutate neta: 66 kg<br \/>\nGreutate bruta: 70 kg<br \/>\nDimensiuni ambalaj: 951x 627&#215;735 mm<br \/>\nPutere: 0,24 kW, 220V<br \/>\nVolum: 160 litri<br \/>\nTemperatura: 2-8C\u00b0<br \/>\nIluminare de fundal cu LED<br \/>\n2 rafturi<\/p>\n","protected":false},"excerpt":{"rendered":"<p>Vitrin\u0103 frigorific\u0103 de mas\u0103 cu dou\u0103 rafturi cu o capacitate de 160 litri. Lungime: 888 mm; Latime: 568 mm; Inaltime: 686 mm; Tensiune: 220 V; Greutate neta: 66 kg; Greutate bruta: 70 kg; Dimensiuni ambalaj: 951x 627&#215;735 mm; Putere: 0,24 kW, 220V; Volum: 120 litri; Temperatura: 2-8C\u00b0; Iluminare de fundal cu LED; 2 rafturi.<\/p>\n","protected":false},"featured_media":40853,"template":"","meta":[],"_links":{"self":[{"href":"https:\/\/evotek.md\/ro\/wp-json\/wp\/v2\/product\/40850"}],"collection":[{"href":"https:\/\/evotek.md\/ro\/wp-json\/wp\/v2\/product"}],"about":[{"href":"https:\/\/evotek.md\/ro\/wp-json\/wp\/v2\/types\/product"}],"wp:featuredmedia":[{"embeddable":true,"href":"https:\/\/evotek.md\/ro\/wp-json\/wp\/v2\/media\/40853"}],"wp:attachment":[{"href":"https:\/\/evotek.md\/ro\/wp-json\/wp\/v2\/media?parent=40850"}],"curies":[{"name":"wp","href":"https:\/\/api.w.org\/{rel}","templated":true}]}}