{"id":40817,"date":"2024-06-10T14:35:00","date_gmt":"2024-06-10T14:35:00","guid":{"rendered":"https:\/\/evotek.md\/?post_type=product&#038;p=40817"},"modified":"2024-06-10T14:42:07","modified_gmt":"2024-06-10T14:42:07","slug":"tefcold-%d1%81%d0%ba7410","status":"publish","type":"product","link":"https:\/\/evotek.md\/ro\/produse\/echipamente-frigorifice\/masa-frigider\/tefcold-%d1%81%d0%ba7410\/","title":{"rendered":"MASA FRIGORIFICA CU SALADETA, 4 USI, 553 LITRI -TEFCOLD-\u0421\u041a7410"},"content":{"rendered":"<p><strong>MASA FRIGORIFICA CU SALADETA, 4 USI, 553 LITRI -TEFCOLD-\u0421\u041a7410-<\/strong>Conceput pentru buc\u0103t\u0103riile profesionale, frigiderul CK este solu\u021bia ideal\u0103 pentru p\u0103strarea ingredientelor la rece \u0219i la \u00eendem\u00e2n\u0103 \u00een timpul serviciului. Este fabricat din o\u021bel inoxidabil SS304 durabil, echipat cu dezghe\u021bare automat\u0103 \u0219i rafturi de dimensiune GN1\/1 pentru o cur\u0103\u021bare u\u0219oar\u0103 \u0219i o func\u021bionare f\u0103r\u0103 probleme. Sistemul de r\u0103cire ventilat men\u021bine con\u021binutul la o temperatur\u0103 constant\u0103, iar controlerul electronic faciliteaz\u0103 reglarea temperaturii pentru a se potrivi ingredientelor dumneavoastr\u0103. . Are blat cu \u0219or\u021b care poate fi scos dac\u0103 dori\u021bi s\u0103 \u00eel folosi\u021bi ca frigider sub blat \u0219i s\u0103 ad\u0103uga\u021bi propriul blat. Picioarele sunt reglabile, astfel \u00eenc\u00e2t \u00een\u0103l\u021bimea mesei poate fi ajustat\u0103 \u00een func\u021bie de nevoile dvs. Frigiderul CK este o completare excelent\u0103 pentru orice buc\u0103t\u0103rie profesional\u0103.<\/p>\n<p>Caracteristici<br \/>\nInterval de temperatur\u0103: -2 p\u00e2n\u0103 la +10 \u00b0C<br \/>\nClasa climatica: 4<br \/>\nGreutate brut\u0103\/net\u0103: 184\/174 kg<br \/>\nVolum brut\/net: 553\/533 l<br \/>\n6 picioare reglabile<br \/>\nFinisaj exterior: CC304<br \/>\nFinisaj interior: CC304<br \/>\nNum\u0103rul \u0219i tipul u\u0219ii: 4 u\u0219i batante cu auto\u00eenchidere<br \/>\nNum\u0103rul \u0219i tipul raftului: 4 rafturi din s\u00e2rm\u0103 alb\u0103<br \/>\nCuloarea raftului: alb<br \/>\nDimensiuni raft: GN1\/1<br \/>\nCutii: 0 buc.<br \/>\nTip controler: electronic<br \/>\nTip de r\u0103cire: ventilat\u0103<br \/>\nTip de dezghe\u021bare: automat\u0103<br \/>\nAgent frigorific: P600a<br \/>\nCapacitate de agent frigorific: 95 g<br \/>\nTermometru: Da<br \/>\nConsum de energie: 3,96 kWh\/24 ore<br \/>\nCosturi anuale de energie: 1445 kWh\/an<br \/>\nPutere de intrare: 300W<br \/>\nTensiune\/frecventa: 220-240\/50 V\/Hz<br \/>\nNivel de zgomot: 42 dB(A)<br \/>\nDimensiuni interioare (LaxAdx\u00cen): 1772x530x589 mm<br \/>\nDimensiuni exterioare (LaxAdx\u00cen): 2230x700x980 mm<br \/>\nDimensiuni ambalaj (LaxAdx\u00cen): 2260x750x1010 mm<\/p>\n","protected":false},"excerpt":{"rendered":"<p>Interval de temperatur\u0103: -2 p\u00e2n\u0103 la +10 \u00b0C; Clasa climatica: 4; Greutate brut\u0103\/net\u0103: 184\/174 kg; Volum brut\/net: 553\/533 l; 6 picioare reglabile; Finisaj exterior: CC304; Finisaj interior: CC304; Num\u0103rul \u0219i tipul u\u0219ii: 4 u\u0219i batante cu auto\u00eenchidere; Num\u0103rul \u0219i tipul raftului: 4 rafturi din s\u00e2rm\u0103 alb\u0103; Culoarea raftului: alb; Dimensiuni raft: GN1\/1; Cutii: 0 buc.; Tip controler: electronic; Tip de r\u0103cire: ventilat\u0103; Tip de dezghe\u021bare: automat\u0103; Agent frigorific: P600a; Capacitate de agent frigorific: 95 g; Termometru: Da; Consum de energie: 3,96 kWh\/24 ore; Costuri anuale de energie: 1445 kWh\/an; Putere de intrare: 300W; Tensiune\/frecventa: 220-240\/50 V\/Hz; Nivel de zgomot: 42 dB(A); Dimensiuni interioare (LaxAdx\u00cen): 1772x530x589 mm; Dimensiuni exterioare (LaxAdx\u00cen): 2230x700x980 mm; Dimensiuni ambalaj (LaxAdx\u00cen): 2260x750x1010 mm.<\/p>\n<p>&nbsp;<\/p>\n","protected":false},"featured_media":40820,"template":"","meta":[],"_links":{"self":[{"href":"https:\/\/evotek.md\/ro\/wp-json\/wp\/v2\/product\/40817"}],"collection":[{"href":"https:\/\/evotek.md\/ro\/wp-json\/wp\/v2\/product"}],"about":[{"href":"https:\/\/evotek.md\/ro\/wp-json\/wp\/v2\/types\/product"}],"wp:featuredmedia":[{"embeddable":true,"href":"https:\/\/evotek.md\/ro\/wp-json\/wp\/v2\/media\/40820"}],"wp:attachment":[{"href":"https:\/\/evotek.md\/ro\/wp-json\/wp\/v2\/media?parent=40817"}],"curies":[{"name":"wp","href":"https:\/\/api.w.org\/{rel}","templated":true}]}}