{"id":40811,"date":"2024-06-10T14:09:44","date_gmt":"2024-06-10T14:09:44","guid":{"rendered":"https:\/\/evotek.md\/?post_type=product&#038;p=40811"},"modified":"2024-06-10T14:18:50","modified_gmt":"2024-06-10T14:18:50","slug":"tefcold-lct900f-black","status":"publish","type":"product","link":"https:\/\/evotek.md\/ro\/produse\/echipamente-pentru-bar-si-cafea\/vitrine-frigorifice-pentru-patiserie-2\/tefcold-lct900f-black\/","title":{"rendered":"VITRINA FRIGORIFICA PENTRU PATISERIE DE MASA 160 LITRI (NEAGRA) -TEFCOLD-LCT900F\/BLACK"},"content":{"rendered":"<p><strong>VITRINA FRIGORIFICA PENTRU PATISERIE DE MASA 160 LITRI (NEAGRA) -TEFCOLD-LCT900F\/BLACK<\/strong><\/p>\n<p>Caracteristici<br \/>\nInterval de temperatur\u0103: de la +2 la +8 \u00b0C<br \/>\nClasa climatica: 3<br \/>\nGreutate brut\u0103\/net\u0103: 99\/75 kg<br \/>\nVolum brut\/net: 160\/88 l<br \/>\nSuprafata totala de afisare: 0,9 m\u00b2<br \/>\n4 picioare reglabile<br \/>\nFinisaj exterior: o\u021bel inoxidabil\/sticl\u0103<br \/>\nFinisaj interior: o\u021bel inoxidabil\/sticl\u0103<br \/>\nLumina interioara: VEL<br \/>\nNum\u0103rul \u0219i tipul u\u0219ii: 2 u\u0219i glisante din sticl\u0103<br \/>\nNumar si tip rafturi: 2 rafturi din sarma cromata + baza<br \/>\nTip controler: electronic<br \/>\nTip de r\u0103cire: ventilat\u0103<br \/>\nTip de dezghe\u021bare: automat\u0103<br \/>\nAgent frigorific: R290<br \/>\nCapacitate de agent frigorific: 45 g<br \/>\nTermometru: Da<br \/>\nConsum de energie: 4,61 kWh\/24h<br \/>\nCosturi anuale de energie: 1684 kWh\/an<br \/>\nPutere de intrare: 242 W<br \/>\nTensiune\/frecventa: 220-240\/50 V\/Hz<br \/>\nNivel de zgomot: 48 dB(A)<br \/>\nDimensiuni interioare (LxPxA): 840x450x400 mm<br \/>\nDimensiuni exterioare (LxPxH): 900x560x670 mm<br \/>\nDimensiuni ambalaj (LxPxH): 984x641x790 mm<\/p>\n","protected":false},"excerpt":{"rendered":"<p>Vitrin\u0103 frigorific\u0103 de mas\u0103 cu dou\u0103 rafturi cu o capacitate de 160 litri. Interval de temperatur\u0103: de la +2 la +8 \u00b0C; Clasa climatica: 3; Greutate brut\u0103\/net\u0103: 99\/75 kg; Volum brut\/net: 160\/88 l; Suprafata totala de afisare: 0,9 m\u00b2; 4 picioare reglabile; Finisaj exterior: o\u021bel inoxidabil\/sticl\u0103; Finisaj interior: o\u021bel inoxidabil\/sticl\u0103; Lumina interioara: VEL; Num\u0103rul \u0219i tipul u\u0219ii: 2 u\u0219i glisante din sticl\u0103; Numar si tip rafturi: 2 rafturi din sarma cromata + baza; Tip controler: electronic; Tip de r\u0103cire: ventilat\u0103; Tip de dezghe\u021bare: automat\u0103; Agent frigorific: R290; Capacitate de agent frigorific: 45 g; Termometru: Da; Consum de energie: 4,61 kWh\/24h; Costuri anuale de energie: 1684 kWh\/an; Putere de intrare: 242 W; Tensiune\/frecventa: 220-240\/50 V\/Hz; Nivel de zgomot: 48 dB(A); Dimensiuni interioare (LxPxA): 840x450x400 mm; Dimensiuni exterioare (LxPxH): 900x560x670 mm; Dimensiuni ambalaj (LxPxH): 984x641x790 mm.<\/p>\n","protected":false},"featured_media":40814,"template":"","meta":[],"_links":{"self":[{"href":"https:\/\/evotek.md\/ro\/wp-json\/wp\/v2\/product\/40811"}],"collection":[{"href":"https:\/\/evotek.md\/ro\/wp-json\/wp\/v2\/product"}],"about":[{"href":"https:\/\/evotek.md\/ro\/wp-json\/wp\/v2\/types\/product"}],"wp:featuredmedia":[{"embeddable":true,"href":"https:\/\/evotek.md\/ro\/wp-json\/wp\/v2\/media\/40814"}],"wp:attachment":[{"href":"https:\/\/evotek.md\/ro\/wp-json\/wp\/v2\/media?parent=40811"}],"curies":[{"name":"wp","href":"https:\/\/api.w.org\/{rel}","templated":true}]}}