{"id":40806,"date":"2024-06-10T13:49:30","date_gmt":"2024-06-10T13:49:30","guid":{"rendered":"https:\/\/evotek.md\/?post_type=product&#038;p=40806"},"modified":"2024-06-10T14:27:48","modified_gmt":"2024-06-10T14:27:48","slug":"tefcold-ud1-3","status":"publish","type":"product","link":"https:\/\/evotek.md\/ro\/produse\/echipamente-frigorifice\/blaturi-frigorifice-comerciale\/tefcold-ud1-3\/","title":{"rendered":"BLAT FRIGORIFIC COMERCIAL, 1 SERTAR, 3&#215;1\/3, 116 LITRI -TEFCOLD-UD1-3"},"content":{"rendered":"<p><strong>BLAT FRIGORIFIC COMERCIAL, 1 SERTAR, 3&#215;1\/3, 116 LITRI -TEFCOLD-UD1-3<\/strong><br \/>\nCaracteristici<br \/>\nInterval de temperatur\u0103: -21 p\u00e2n\u0103 la -18 \/+ 1 p\u00e2n\u0103 la +4 \u00b0C<br \/>\nClasa climatica: 5<br \/>\nGreutate brut\u0103\/net\u0103: 105\/90 kg<br \/>\nVolum brut\/net: 116\/77 l<br \/>\nCapacitate tig\u0103i GN: 3 buc.<br \/>\n4 roti, 2 cu frana<br \/>\nFinisaj exterior: CC304<br \/>\nFinisaj interior: CC304<br \/>\nCutii: 1 bucat\u0103<br \/>\nTip controler: electronic<br \/>\nTip de r\u0103cire: ventilat\u0103<br \/>\nTip de dezghe\u021bare: automat\u0103<br \/>\nAgent frigorific: R290<br \/>\n\u00cenc\u0103rcare agent frigorific: 70 g<br \/>\nTermometru: Da<br \/>\nConsum de energie: 6,05 kWh\/24 ore<br \/>\nConsum anual de energie: 2208 kWh\/an<br \/>\nPutere de intrare: 270 W<br \/>\nTensiune\/frecventa: 220-240\/50 V\/Hz<br \/>\nNivel de zgomot: 54 dB(A)<br \/>\nDimensiuni interioare (LaxAdx\u00cen): 1000x565x205 mm<br \/>\nDimensiuni exterioare (LaxAdx\u00cen): 1230x700x600 mm<br \/>\nDimensiuni ambalaj (LaxAdx\u00cen): 1310x770x740 mm<\/p>\n","protected":false},"excerpt":{"rendered":"<p>Interval de temperatur\u0103: -21 p\u00e2n\u0103 la -18 \/+ 1 p\u00e2n\u0103 la +4 \u00b0C; Clasa climatica: 5; Greutate brut\u0103\/net\u0103: 105\/90 kg; Volum brut\/net: 116\/77 l; Capacitate tig\u0103i GN: 3 buc.; 4 roti, 2 cu frana; Finisaj exterior: CC304; Finisaj interior: CC304; Cutii: 1 bucat\u0103; Tip controler: electronic; Tip de r\u0103cire: ventilat\u0103; Tip de dezghe\u021bare: automat\u0103; Agent frigorific: R290; \u00cenc\u0103rcare agent frigorific: 70 g; Termometru: Da; Consum de energie: 6,05 kWh\/24 ore; Consum anual de energie: 2208 kWh\/an; Putere de intrare: 270 W; Tensiune\/frecventa: 220-240\/50 V\/Hz; Nivel de zgomot: 54 dB(A); Dimensiuni interioare (LaxAdx\u00cen): 1000x565x205 mm; Dimensiuni exterioare (LaxAdx\u00cen): 1230x700x600 mm; Dimensiuni ambalaj (LaxAdx\u00cen): 1310x770x740 mm.<\/p>\n","protected":false},"featured_media":40809,"template":"","meta":[],"_links":{"self":[{"href":"https:\/\/evotek.md\/ro\/wp-json\/wp\/v2\/product\/40806"}],"collection":[{"href":"https:\/\/evotek.md\/ro\/wp-json\/wp\/v2\/product"}],"about":[{"href":"https:\/\/evotek.md\/ro\/wp-json\/wp\/v2\/types\/product"}],"wp:featuredmedia":[{"embeddable":true,"href":"https:\/\/evotek.md\/ro\/wp-json\/wp\/v2\/media\/40809"}],"wp:attachment":[{"href":"https:\/\/evotek.md\/ro\/wp-json\/wp\/v2\/media?parent=40806"}],"curies":[{"name":"wp","href":"https:\/\/api.w.org\/{rel}","templated":true}]}}