{"id":40800,"date":"2024-06-10T13:29:35","date_gmt":"2024-06-10T13:29:35","guid":{"rendered":"https:\/\/evotek.md\/?post_type=product&#038;p=40800"},"modified":"2024-06-10T14:29:11","modified_gmt":"2024-06-10T14:29:11","slug":"ss8300","status":"publish","type":"product","link":"https:\/\/evotek.md\/ro\/produse\/echipamente-frigorifice\/masa-frigider\/ss8300\/","title":{"rendered":"MASA FRIGORIFICA CU SALADETA, 3 USI, 520 LITRI -TEFCOLD-SS8300"},"content":{"rendered":"<p><strong>MASA FRIGORIFICA CU SALADETA, 3 USI, 520 LITRI -TEFCOLD-SS8300<\/strong><\/p>\n<p>Caracteristici<br \/>\nInterval de temperatur\u0103: +2 p\u00e2n\u0103 la +10 \u00b0C<br \/>\nClasa climatica: 4<br \/>\nGreutate brut\u0103\/net\u0103: 201\/191 kg<br \/>\nVolum brut\/net: 520\/497 l<br \/>\n6 picioare reglabile<br \/>\nFinisaj exterior: CC304<br \/>\nFinisaj interior: CC304<br \/>\nNum\u0103rul \u0219i tipul u\u0219ii: 3 u\u0219i batante cu auto\u00eenchidere<br \/>\nNum\u0103rul \u0219i tipul raftului: 3 rafturi din s\u00e2rm\u0103 alb\u0103<br \/>\nCuloarea raftului: alb<br \/>\nDimensiuni raft: 400&#215;600 mm<br \/>\nTip controler: electronic<br \/>\nTip de r\u0103cire: ventilat\u0103<br \/>\nTip de dezghe\u021bare: automat\u0103<br \/>\nAgent frigorific: R290<br \/>\nCapacitate de agent frigorific: 95 g<br \/>\nTermometru: Da<br \/>\nConsum de energie: 3,2 kWh\/24 ore<br \/>\nCosturi anuale de energie: 1168 kWh\/an<br \/>\nPutere de intrare: 300W<br \/>\nTensiune\/frecventa: 220-240\/50 V\/Hz<br \/>\nNivel de zgomot: 42 dB(A)<br \/>\nDimensiuni interioare (LxPxA): 1562x630x589 mm<br \/>\nDimensiuni exterioare (LxPxH): 2020x800x1080 mm<br \/>\nDimensiuni ambalaj (LxPxH): 2050x840x1150 mm<\/p>\n","protected":false},"excerpt":{"rendered":"<p>Interval de temperatur\u0103: +2 p\u00e2n\u0103 la +10 \u00b0C; Clasa climatica: 4; Greutate brut\u0103\/net\u0103: 201\/191 kg; Volum brut\/net: 520\/497 l; 6 picioare reglabile; Finisaj exterior: CC304; Finisaj interior: CC304; Num\u0103rul \u0219i tipul u\u0219ii: 3 u\u0219i batante cu auto\u00eenchidere; Num\u0103rul \u0219i tipul raftului: 3 rafturi din s\u00e2rm\u0103 alb\u0103; Culoarea raftului: alb; Dimensiuni raft: 400&#215;600 mm; Tip controler: electronic; Tip de r\u0103cire: ventilat\u0103; Tip de dezghe\u021bare: automat\u0103; Agent frigorific: R290; Capacitate de agent frigorific: 95 g; Termometru: Da; Consum de energie: 3,2 kWh\/24 ore; Costuri anuale de energie: 1168 kWh\/an; Putere de intrare: 300W; Tensiune\/frecventa: 220-240\/50 V\/Hz; Nivel de zgomot: 42 dB(A); Dimensiuni interioare (LxPxA): 1562x630x589 mm; Dimensiuni exterioare (LxPxH): 2020x800x1080 mm; Dimensiuni ambalaj (LxPxH): 2050x840x1150 mm.<\/p>\n<p>&nbsp;<\/p>\n","protected":false},"featured_media":40803,"template":"","meta":[],"_links":{"self":[{"href":"https:\/\/evotek.md\/ro\/wp-json\/wp\/v2\/product\/40800"}],"collection":[{"href":"https:\/\/evotek.md\/ro\/wp-json\/wp\/v2\/product"}],"about":[{"href":"https:\/\/evotek.md\/ro\/wp-json\/wp\/v2\/types\/product"}],"wp:featuredmedia":[{"embeddable":true,"href":"https:\/\/evotek.md\/ro\/wp-json\/wp\/v2\/media\/40803"}],"wp:attachment":[{"href":"https:\/\/evotek.md\/ro\/wp-json\/wp\/v2\/media?parent=40800"}],"curies":[{"name":"wp","href":"https:\/\/api.w.org\/{rel}","templated":true}]}}