{"id":40793,"date":"2024-06-10T12:57:27","date_gmt":"2024-06-10T12:57:27","guid":{"rendered":"https:\/\/evotek.md\/?post_type=product&#038;p=40793"},"modified":"2024-06-10T14:30:50","modified_gmt":"2024-06-10T14:30:50","slug":"tefcold-ss8200","status":"publish","type":"product","link":"https:\/\/evotek.md\/ro\/produse\/echipamente-frigorifice\/masa-frigider\/tefcold-ss8200\/","title":{"rendered":"MASA FRIGORIFICA CU SALADETA, 2 USI, 362 LITRI -TEFCOLD-SS8200"},"content":{"rendered":"<p><strong>MASA FRIGORIFICA CU SALADETA, 2 USI, 362 LITRI -TEFCOLD-SS8200<\/strong><\/p>\n<p>Caracteristici<br \/>\nInterval de temperatur\u0103: +2 p\u00e2n\u0103 la +10 \u00b0C<br \/>\nClasa climatica: 4<br \/>\nGreutate brut\u0103\/net\u0103: 163\/153 kg<br \/>\nVolum brut\/net: 362\/337 l<br \/>\n4 picioare reglabile<br \/>\nFinisaj exterior: CC304<br \/>\nFinisaj interior: CC304<br \/>\nNum\u0103rul \u0219i tipul u\u0219ii: 2 u\u0219i batante cu auto\u00eenchidere<br \/>\nNum\u0103rul \u0219i tipul raftului: 2 rafturi din s\u00e2rm\u0103 alb\u0103<br \/>\nCuloarea raftului: alb<br \/>\nDimensiuni raft: 400&#215;600 mm<br \/>\nTip controler: electronic<br \/>\nTip de r\u0103cire: ventilat\u0103<br \/>\nTip de dezghe\u021bare: automat\u0103<br \/>\nAgent frigorific: R290<br \/>\nCapacitate de agent frigorific: 95 g<br \/>\nTermometru: Da<br \/>\nConsum de energie: 2,8 kWh\/24 ore<br \/>\nCosturi anuale de energie: 1022 kWh\/an<br \/>\nPutere de intrare: 300W<br \/>\nTensiune\/frecventa: 220-240\/50 V\/Hz<br \/>\nNivel de zgomot: 42 dB(A)<br \/>\nDimensiuni interioare (LaxAdx\u00cen): 1052x630x589 mm<br \/>\nDimensiuni exterioare (LaxAdx\u00cen): 1510x800x1080 mm<br \/>\nDimensiuni ambalaj (LaxAdx\u00cen): 1550x840x1150 mm<\/p>\n","protected":false},"excerpt":{"rendered":"<p>Interval de temperatur\u0103: +2 p\u00e2n\u0103 la +10 \u00b0C; Clasa climatica: 4; Greutate brut\u0103\/net\u0103: 163\/153 kg; Volum brut\/net: 362\/337 l; 4 picioare reglabile; Finisaj exterior: CC304; Finisaj interior: CC304; Num\u0103rul \u0219i tipul u\u0219ii: 2 u\u0219i batante cu auto\u00eenchidere; Num\u0103rul \u0219i tipul raftului: 2 rafturi din s\u00e2rm\u0103 alb\u0103; Culoarea raftului: alb; Dimensiuni raft: 400&#215;600 mm; Tip controler: electronic; Tip de r\u0103cire: ventilat\u0103; Tip de dezghe\u021bare: automat\u0103; Agent frigorific: R290; Capacitate de agent frigorific: 95 g; Termometru: Da; Consum de energie: 2,8 kWh\/24 ore; Costuri anuale de energie: 1022 kWh\/an; Putere de intrare: 300W; Tensiune\/frecventa: 220-240\/50 V\/Hz; Nivel de zgomot: 42 dB(A); Dimensiuni interioare (LaxAdx\u00cen): 1052x630x589 mm; Dimensiuni exterioare (LaxAdx\u00cen): 1510x800x1080 mm; Dimensiuni ambalaj (LaxAdx\u00cen): 1550x840x1150 mm.<\/p>\n<p>&nbsp;<\/p>\n","protected":false},"featured_media":40796,"template":"","meta":[],"_links":{"self":[{"href":"https:\/\/evotek.md\/ro\/wp-json\/wp\/v2\/product\/40793"}],"collection":[{"href":"https:\/\/evotek.md\/ro\/wp-json\/wp\/v2\/product"}],"about":[{"href":"https:\/\/evotek.md\/ro\/wp-json\/wp\/v2\/types\/product"}],"wp:featuredmedia":[{"embeddable":true,"href":"https:\/\/evotek.md\/ro\/wp-json\/wp\/v2\/media\/40796"}],"wp:attachment":[{"href":"https:\/\/evotek.md\/ro\/wp-json\/wp\/v2\/media?parent=40793"}],"curies":[{"name":"wp","href":"https:\/\/api.w.org\/{rel}","templated":true}]}}