{"id":40781,"date":"2024-06-10T12:35:37","date_gmt":"2024-06-10T12:35:37","guid":{"rendered":"https:\/\/evotek.md\/?post_type=product&#038;p=40781"},"modified":"2024-06-10T12:46:14","modified_gmt":"2024-06-10T12:46:14","slug":"tefcold-blc10","status":"publish","type":"product","link":"https:\/\/evotek.md\/ro\/produse\/fara-categorie\/tefcold-blc10\/","title":{"rendered":"CONGELATOR CU SOC TERMIC 10 NIVELE -TEFCOLD-BLC10"},"content":{"rendered":"<p><strong>CONGELATOR CU SOC TERMIC 10 NIVELE -TEFCOLD-BLC10- <\/strong>Potrivit pentru Gastronorm 1\/1 \u0219i Euronorm<\/p>\n<p>Caracteristici<br \/>\nInterval de temperatur\u0103: -18 p\u00e2n\u0103 la +70 \/ +3 p\u00e2n\u0103 la +70 \u00b0C<br \/>\nClasa climatica: 4<br \/>\nGreutate brut\u0103\/net\u0103: 175\/170 kg<br \/>\nVolum brut\/net: 235\/218 l<br \/>\nCapacitate: 10 nivele<br \/>\nCapacitate: Racire 40 kg<br \/>\nCapacitate de congelare: 28 kg<br \/>\n4 picioare reglabile<br \/>\nFinisaj exterior: CC304<br \/>\nFinisaj interior: CC304<br \/>\nNum\u0103rul \u0219i tipul u\u0219ii: 1 u\u0219\u0103 plin\u0103 cu \u00eenchidere automat\u0103 batant\u0103<br \/>\nU\u0219\u0103 cu dou\u0103 fe\u021be: da<br \/>\nTip controler: programabil<br \/>\nTip dezghetare: automat, gaz fierbinte<br \/>\nAgent frigorific: R290<br \/>\nCapacitate de agent frigorific: 150 g<br \/>\nTermometru: Da<br \/>\nPutere de intrare: 1298 W<br \/>\nTensiune\/frecventa: 220-240\/50 V\/Hz<br \/>\nNivel de zgomot: 49 dB(A)<br \/>\nDimensiuni interioare (LaxAdx\u00cen): 660x420x870 mm<br \/>\nDimensiuni exterioare (LaxAdx\u00cen): 800x815x1635 mm<br \/>\nDimensiuni ambalaj (LaxAdx\u00cen): 900x920x1730 mm<\/p>\n","protected":false},"excerpt":{"rendered":"<p>Congelator cu soc termic, 10 nivele. Interval de temperatur\u0103: -18 p\u00e2n\u0103 la +70 \/ +3 p\u00e2n\u0103 la +70 \u00b0C; Clasa climatica: 4; Greutate brut\u0103\/net\u0103: 175\/170 kg; Volum brut\/net: 235\/218 l; Capacitate: 10 nivele; Capacitate: Racire 40 kg; Capacitate de congelare: 28 kg; 4 picioare reglabile; Finisaj exterior: CC304; Finisaj interior: CC304; Num\u0103rul \u0219i tipul u\u0219ii: 1 u\u0219\u0103 plin\u0103 cu \u00eenchidere automat\u0103 batant\u0103; U\u0219\u0103 cu dou\u0103 fe\u021be: da; Tip controler: programabil; Tip dezghetare: automat, gaz fierbinte; Agent frigorific: R290; Capacitate de agent frigorific: 150 g; Termometru: Da; Putere de intrare: 1298 W; Tensiune\/frecventa: 220-240\/50 V\/Hz; Nivel de zgomot: 49 dB(A); Dimensiuni interioare (LaxAdx\u00cen): 660x420x870 mm; Dimensiuni exterioare (LaxAdx\u00cen): 800x815x1635 mm; Dimensiuni ambalaj (LaxAdx\u00cen): 900x920x1730 mm.<\/p>\n","protected":false},"featured_media":40784,"template":"","meta":[],"_links":{"self":[{"href":"https:\/\/evotek.md\/ro\/wp-json\/wp\/v2\/product\/40781"}],"collection":[{"href":"https:\/\/evotek.md\/ro\/wp-json\/wp\/v2\/product"}],"about":[{"href":"https:\/\/evotek.md\/ro\/wp-json\/wp\/v2\/types\/product"}],"wp:featuredmedia":[{"embeddable":true,"href":"https:\/\/evotek.md\/ro\/wp-json\/wp\/v2\/media\/40784"}],"wp:attachment":[{"href":"https:\/\/evotek.md\/ro\/wp-json\/wp\/v2\/media?parent=40781"}],"curies":[{"name":"wp","href":"https:\/\/api.w.org\/{rel}","templated":true}]}}