{"id":40776,"date":"2024-06-10T12:01:45","date_gmt":"2024-06-10T12:01:45","guid":{"rendered":"https:\/\/evotek.md\/?post_type=product&#038;p=40776"},"modified":"2024-06-10T14:32:52","modified_gmt":"2024-06-10T14:32:52","slug":"lpd1203f-black","status":"publish","type":"product","link":"https:\/\/evotek.md\/ro\/produse\/echipamente-pentru-bar-si-cafea\/vitrine-frigorifice-pentru-patiserie-2\/lpd1203f-black\/","title":{"rendered":"VITRINA FRIGORIFICA PENTRU PATISERIE, DE PODEA 530 LITRI, NEAGRA -TEFCOLD-LPD1203F\/BLACK"},"content":{"rendered":"<p>VITRINA FRIGORIFICA PENTRU PATISERIE, DE PODEA 530 LITRI, NEAGRA -TEFCOLD-LPD1203F\/BLACK<\/p>\n<p>Blat de sticl\u0103 frigorific\u0103 cu spa\u021biu suplimentar pe raft.<\/p>\n<p>LPD este gama noastr\u0103 de vitrine frigorifice de \u00eenalt\u0103 calitate. Este realizat din materiale de calitate \u0219i are caracteristici cheie precum un panou frontal anti-aburire, geam dublu pentru a reduce consumul de energie \u0219i costurile de func\u021bionare \u0219i iluminare cu LED-uri sub fiecare raft din sticl\u0103 mat\u0103. Acest model special vine cu un raft suplimentar, oferind mai mult spa\u021biu de depozitare \u0219i afi\u0219are. Tejgheaua dispune de un sistem eficient de r\u0103cire ventilat care p\u0103streaz\u0103 alimentele, produsele de copt \u0219i pr\u0103jiturile proaspete, \u00een timp ce u\u0219ile glisante din spate faciliteaz\u0103 \u00eenc\u0103rcarea \u0219i servirea.<\/p>\n<p>Caracteristici<br \/>\nInterval de temperatur\u0103: +2 p\u00e2n\u0103 la +8 \u00b0C<br \/>\nClasa climatica: 3<br \/>\nGreutate: brut\/net 271\/253 kg<br \/>\nVolum brut\/net: 530\/258 l<br \/>\nSuprafata totala de afisare: 2,21 m\u00b2<br \/>\nPicioare: 4 picioare reglabile<br \/>\nFinisaj exterior: o\u021bel inoxidabil\/sticl\u0103<br \/>\nFinisaj interior: o\u021bel inoxidabil\/sticl\u0103<br \/>\nLumina interioara: VEL<br \/>\nNum\u0103rul \u0219i tipul u\u0219ii: 2 u\u0219i glisante din sticl\u0103<br \/>\nNumar si tip rafturi: 3 rafturi din sticla + baza.<br \/>\nDimensiuni raft: 105&#215;33 \/ 105&#215;33 \/ 105&#215;33 \/ 105&#215;44<br \/>\nTip controler: electronic<br \/>\nTip de r\u0103cire: ventilat\u0103<br \/>\nTip de dezghe\u021bare: automat\u0103<br \/>\nAgent frigorific: R290<br \/>\nCapacitate de agent frigorific: 130 g<br \/>\nTermometru: Da<br \/>\nConsum de energie: 13,89 kWh\/24 ore<br \/>\nPutere: 530 W<br \/>\nTensiune: 220-240\/50 V\/Hz<br \/>\nNivel de zgomot: 48 dB(A)<br \/>\nDimensiuni interioare (LaxAdx\u00cen): 1140 x 510 x 774 mm<br \/>\nDimensiuni exterioare (LaxAdx\u00cen): 1205 x 745 x 1350 mm<br \/>\nDimensiuni ambalaj (LaxAdx\u00cen): 1280 x 820 x 1480 mm<br \/>\n\u00cenc\u0103rcare container: 23 buc<\/p>\n","protected":false},"excerpt":{"rendered":"<p>Vitrin\u0103 rece pentru patiserie, la 258 litri. Interval de temperatur\u0103: +2 p\u00e2n\u0103 la +8 \u00b0C; Clasa climatica: 3; Greutate: brut\/net 271\/253 kg; Volum brut\/net: 530\/258; Suprafata totala de afisare: 2,21 m\u00b2; Picioare: 4 picioare reglabile; Finisaj exterior: o\u021bel inoxidabil\/sticl\u0103; Finisaj interior: o\u021bel inoxidabil\/sticl\u0103; Lumina interioara: VEL; Num\u0103rul \u0219i tipul u\u0219ii: 2 u\u0219i glisante din sticl\u0103; Numar si tip rafturi: 3 rafturi din sticla + baza.; Dimensiuni raft: 105&#215;33 \/ 105&#215;33 \/ 105&#215;33 \/ 105&#215;44; Tip controler: electronic; Tip de r\u0103cire: ventilat\u0103; Tip de dezghe\u021bare: automat\u0103; Agent frigorific: R290; Capacitate de agent frigorific: 130 g; Termometru: Da; Consum de energie: 13,89 kWh\/24 ore; Putere: 530 W; Tensiune: 220-240\/50 V\/Hz; Nivel de zgomot: 48 dB(A); Dimensiuni interioare (LaxAdx\u00cen): 1140 x 510 x 774 mm; Dimensiuni exterioare (LaxAdx\u00cen): 1205 x 745 x 1350 mm; Dimensiuni ambalaj (LaxAdx\u00cen): 1280 x 820 x 1480 mm; \u00cenc\u0103rcare container: 23 buc.<\/p>\n","protected":false},"featured_media":40779,"template":"","meta":[],"_links":{"self":[{"href":"https:\/\/evotek.md\/ro\/wp-json\/wp\/v2\/product\/40776"}],"collection":[{"href":"https:\/\/evotek.md\/ro\/wp-json\/wp\/v2\/product"}],"about":[{"href":"https:\/\/evotek.md\/ro\/wp-json\/wp\/v2\/types\/product"}],"wp:featuredmedia":[{"embeddable":true,"href":"https:\/\/evotek.md\/ro\/wp-json\/wp\/v2\/media\/40779"}],"wp:attachment":[{"href":"https:\/\/evotek.md\/ro\/wp-json\/wp\/v2\/media?parent=40776"}],"curies":[{"name":"wp","href":"https:\/\/api.w.org\/{rel}","templated":true}]}}