{"id":40755,"date":"2024-05-29T14:30:11","date_gmt":"2024-05-29T14:30:11","guid":{"rendered":"https:\/\/evotek.md\/?post_type=product&#038;p=40755"},"modified":"2024-05-29T14:32:13","modified_gmt":"2024-05-29T14:32:13","slug":"f-20-l","status":"publish","type":"product","link":"https:\/\/evotek.md\/ro\/produse\/accesorii-si-inventar-bucatarie\/inventar-pizzerie\/f-20-l\/","title":{"rendered":"LOPATA PENTRU PIZZA, DIN ALUMINIU (ROTUNDA) 200x200x1500 mm -GIMETAL-F-20\/L"},"content":{"rendered":"<p><strong>LOPATA PENTRU PIZZA, DIN ALUMINIU (ROTUNDA) 200x200x1500 mm -GIMETAL-F-20\/L<br \/>\n<\/strong>Dimensiune maner: 1500 mm<br \/>\nDiametrul lopata: 20 cm<br \/>\nLopata: aluminiu<br \/>\nBaza m\u00e2nerului \u0219i m\u00e2nerul intermediar: polimer specific de \u00eenalt\u0103 densitate.<br \/>\nO fixare specific\u0103 pe baza m\u00e2nerului permite blocarea elementului intermediar.<\/p>\n<p>&nbsp;<\/p>\n","protected":false},"excerpt":{"rendered":"<p>Dimensiune maner: 1500 mm; Diametrul lopata: 20 cm; Lopata: aluminiu; Baza m\u00e2nerului \u0219i m\u00e2nerul intermediar: polimer specific de \u00eenalt\u0103 densitate; O fixare specific\u0103 pe baza m\u00e2nerului permite blocarea elementului intermediar.<\/p>\n<p>&nbsp;<\/p>\n","protected":false},"featured_media":40758,"template":"","meta":[],"_links":{"self":[{"href":"https:\/\/evotek.md\/ro\/wp-json\/wp\/v2\/product\/40755"}],"collection":[{"href":"https:\/\/evotek.md\/ro\/wp-json\/wp\/v2\/product"}],"about":[{"href":"https:\/\/evotek.md\/ro\/wp-json\/wp\/v2\/types\/product"}],"wp:featuredmedia":[{"embeddable":true,"href":"https:\/\/evotek.md\/ro\/wp-json\/wp\/v2\/media\/40758"}],"wp:attachment":[{"href":"https:\/\/evotek.md\/ro\/wp-json\/wp\/v2\/media?parent=40755"}],"curies":[{"name":"wp","href":"https:\/\/api.w.org\/{rel}","templated":true}]}}