{"id":40750,"date":"2024-05-29T14:14:58","date_gmt":"2024-05-29T14:14:58","guid":{"rendered":"https:\/\/evotek.md\/?post_type=product&#038;p=40750"},"modified":"2024-05-29T14:26:31","modified_gmt":"2024-05-29T14:26:31","slug":"ir-20-120","status":"publish","type":"product","link":"https:\/\/evotek.md\/ro\/produse\/accesorii-si-inventar-bucatarie\/inventar-pizzerie\/ir-20-120\/","title":{"rendered":"LOPATA PENTRU PIZZA, DIN INOX (ROTUNDA) 200x200x1200 mm -GIMETAL-IR-20\/120"},"content":{"rendered":"<p><strong>LOPATA PENTRU PIZZA, DIN INOX (ROTUNDA) 200x200x1200 mm -GIMETAL-IR-20\/120<\/strong><\/p>\n<p>Dimensiune maner: 1200 mm<br \/>\nDiametrul lopata: 20 cm<br \/>\nLopata: otel inoxidabil<br \/>\nBaza m\u00e2nerului: polimer specific de \u00eenalt\u0103 densitate.<br \/>\nO fixare specific\u0103 pe baza m\u00e2nerului permite blocarea elementului intermediar.<\/p>\n<p>&nbsp;<\/p>\n","protected":false},"excerpt":{"rendered":"<p>Dimensiune maner: 1200 mm; Diametrul lopata: 20 cm; Lopata: otel inoxidabil; Baza m\u00e2nerului: polimer specific de \u00eenalt\u0103 densitate; O fixare specific\u0103 pe baza m\u00e2nerului permite blocarea elementului intermediar.<\/p>\n<p>&nbsp;<\/p>\n","protected":false},"featured_media":40752,"template":"","meta":[],"_links":{"self":[{"href":"https:\/\/evotek.md\/ro\/wp-json\/wp\/v2\/product\/40750"}],"collection":[{"href":"https:\/\/evotek.md\/ro\/wp-json\/wp\/v2\/product"}],"about":[{"href":"https:\/\/evotek.md\/ro\/wp-json\/wp\/v2\/types\/product"}],"wp:featuredmedia":[{"embeddable":true,"href":"https:\/\/evotek.md\/ro\/wp-json\/wp\/v2\/media\/40752"}],"wp:attachment":[{"href":"https:\/\/evotek.md\/ro\/wp-json\/wp\/v2\/media?parent=40750"}],"curies":[{"name":"wp","href":"https:\/\/api.w.org\/{rel}","templated":true}]}}