{"id":40717,"date":"2024-05-29T13:12:12","date_gmt":"2024-05-29T13:12:12","guid":{"rendered":"https:\/\/evotek.md\/?post_type=product&#038;p=40717"},"modified":"2024-05-29T13:14:53","modified_gmt":"2024-05-29T13:14:53","slug":"ac-stp20","status":"publish","type":"product","link":"https:\/\/evotek.md\/ro\/produse\/accesorii-si-inventar-bucatarie\/spatula\/ac-stp20\/","title":{"rendered":"SCRAPER, SPATULA DIN INOX CU MANER DIN PLASTIC 110&#215;90 mm (FLEXIBILA) -GIMETAL-AC-STP20"},"content":{"rendered":"<p><strong>SCRAPER, SPATULA DIN INOX CU MANER DIN PLASTIC 110&#215;90 mm (FLEXIBILA) -GIMETAL-AC-STP20- <\/strong>Acesta este un instrument integral at\u00e2t \u00een buc\u0103t\u0103ria profesional\u0103, c\u00e2t \u0219i \u00een cea de acas\u0103.<\/p>\n<p>Caracteristici<br \/>\nSpatula flexibila<br \/>\nLama din otel inoxidabil<br \/>\nManer din plastic<br \/>\nDimensiuni: 110&#215;90 mm<\/p>\n<p>&nbsp;<\/p>\n","protected":false},"excerpt":{"rendered":"<p>Spatula flexibila; Lama din otel inoxidabil; Maner din plastic; Dimensiuni: 110&#215;90 mm.<\/p>\n","protected":false},"featured_media":40719,"template":"","meta":[],"_links":{"self":[{"href":"https:\/\/evotek.md\/ro\/wp-json\/wp\/v2\/product\/40717"}],"collection":[{"href":"https:\/\/evotek.md\/ro\/wp-json\/wp\/v2\/product"}],"about":[{"href":"https:\/\/evotek.md\/ro\/wp-json\/wp\/v2\/types\/product"}],"wp:featuredmedia":[{"embeddable":true,"href":"https:\/\/evotek.md\/ro\/wp-json\/wp\/v2\/media\/40719"}],"wp:attachment":[{"href":"https:\/\/evotek.md\/ro\/wp-json\/wp\/v2\/media?parent=40717"}],"curies":[{"name":"wp","href":"https:\/\/api.w.org\/{rel}","templated":true}]}}