{"id":40706,"date":"2024-05-29T12:27:39","date_gmt":"2024-05-29T12:27:39","guid":{"rendered":"https:\/\/evotek.md\/?post_type=product&#038;p=40706"},"modified":"2024-09-18T12:10:34","modified_gmt":"2024-09-18T12:10:34","slug":"bkpxsgb50100000000","status":"publish","type":"product","link":"https:\/\/evotek.md\/ro\/produse\/echipamente-electromecanice\/slicer\/bkpxsgb50100000000\/","title":{"rendered":"SLICER \u00d8300 mm (felie 0-14 mm) ARGINTIU XS30 -BERKEL-BKPXSGB50100000000"},"content":{"rendered":"<p><strong>SLICER \u00d8300 mm (felie 0-14 mm) ARGINTIU XS30 -BERKEL-BKPXSGB50100000000<\/strong><br \/>\nPro Line XS 25 este o linie de feliere electrice profesionale cu gravitate Berkel. Aceast\u0103 gam\u0103 de produse combin\u0103 dimensiunile compacte cu designul rafinat recunoscut \u00een toate feliatoarele noastre realizate din linii moi, f\u0103r\u0103 margini, materiale de \u00eenalt\u0103 performan\u021b\u0103 \u0219i toate detaliile \u00een ro\u0219ul caracteristic Berkel.<br \/>\nDestinat \u00een principal pentru HO.RE.CA. canal, Pro Line XS satisface nevoile unui utilizator care, cu o investitie redusa, cauta performante excelente de taiere fara a renunta la cele mai inalte standarde de siguranta si usurinta la curatare fara aceeasi categorie.<\/p>\n<p>Caracteristici<br \/>\n\u00cen\u0103l\u021bime: 645 mm<br \/>\nLungime: 595 mm<br \/>\nLatime: 545 mm<br \/>\nGreutate: 29 kg<br \/>\nDiametrul lamei: 300 mm<br \/>\nCapacitate de t\u0103iere (circular\u0103): 230 mm<br \/>\nCapacitate de taiere (dreptunghiulara): 245\u0445195 mm<br \/>\nConexiune: 50Hz &#8211; 230V<br \/>\nPutere motor: 0,35 kW<br \/>\nGrosimea feliei: 0-14 mm<\/p>\n<p><strong>FACILITATI<\/strong><br \/>\nPlaca de calibrare este \u00eenclinat\u0103 la un unghi de 38\u00b0 pentru a facilita trecerea produsului \u0219i c\u0103derea feliei<br \/>\nPlac\u0103 de calibrare cu orificiu \u00eenclinat la 15\u00b0 pentru eliberarea mai u\u0219oar\u0103 a produsului \u00een timpul t\u0103ierii<br \/>\nCapac lamei cu profil continuu pentru grosimea uniform\u0103 a feliei<br \/>\nReziduuri foarte fine de produs pentru a minimiza pierderile de material<br \/>\n\u00cemping\u0103tor larg pentru fixarea str\u00e2ns\u0103 a produsului pe plac\u0103<br \/>\nPanou de control complet etan\u0219, cu protec\u021bie IP67 \u0219i garnituri din silicon de calitate alimentar\u0103 pe fiecare parte deschis\u0103<br \/>\nButon de deschidere a pl\u0103cii de m\u0103surare cu pozi\u021bii de reglare de 14 mm pentru ajust\u0103ri precise<br \/>\nDeflector din o\u021bel cu cuplaj magnetic u\u0219or<br \/>\nInclude ascu\u021bitor deta\u0219abil<\/p>\n<p><strong>CURATARE SI IGIENA<\/strong><br \/>\nTava de scurgere inclinata cu placa de masurare pentru lichide de curatare<br \/>\nTava de scurgere integrat\u0103 \u00een turnare asigur\u0103 o igien\u0103 \u0219i o cur\u0103\u021bare perfect\u0103<br \/>\nCarucior detasabil pentru operatii usoare de curatare<br \/>\nSpatiu larg (42 mm) intre lama si motor pentru operatii de curatare mai usoare si mai rapide<br \/>\nSistem de \u00eendep\u0103rtare rapid\u0103 a capacului lamei<br \/>\nTurnarea se face \u00eentr-o singur\u0103 matri\u021b\u0103 f\u0103r\u0103 goluri<\/p>\n<p><strong>SIGURAN\u021a\u0102<\/strong><br \/>\n\u00cenchiderea complet\u0103 a pl\u0103cii de m\u0103surare pentru siguran\u021b\u0103 maxim\u0103 \u00een timpul opera\u021biunilor de cur\u0103\u021bare, iar blocul CE \u00eempiedic\u0103 deschiderea acesteia atunci c\u00e2nd placa este deplasat\u0103.<br \/>\nPozi\u021bie de presare pentru carne dezarmat\u0103 pentru a preveni eliberarea accidental\u0103.<br \/>\n\u00centrerup\u0103toare ON\/OFF cu LED-uri de \u00eenalt\u0103 vizibilitate<br \/>\nInel de protectie din aluminiu pentru siguranta maxima<br \/>\nPlaca tehnopolimer transparenta pentru o vizibilitate perfecta in timpul taierii<br \/>\nComenzile ergonomice \u00eentr-o pozi\u021bie confortabil\u0103 reduc la minimum orice efort al operatorului<\/p>\n","protected":false},"excerpt":{"rendered":"<p>Slicer electric. \u00cen\u0103l\u021bime: 645 mm; Lungime: 595 mm; Latime: 545 mm; Greutate: 29 kg; Diametrul lamei: 300 mm; Capacitate de t\u0103iere (circular\u0103): 230 mm; Capacitate de taiere (dreptunghiulara): 245\u0445195 mm; Conexiune: 50Hz &#8211; 230V; Putere motor: 0,35 kW; Grosimea feliei: 0-14 mm.<\/p>\n","protected":false},"featured_media":40529,"template":"","meta":[],"_links":{"self":[{"href":"https:\/\/evotek.md\/ro\/wp-json\/wp\/v2\/product\/40706"}],"collection":[{"href":"https:\/\/evotek.md\/ro\/wp-json\/wp\/v2\/product"}],"about":[{"href":"https:\/\/evotek.md\/ro\/wp-json\/wp\/v2\/types\/product"}],"wp:featuredmedia":[{"embeddable":true,"href":"https:\/\/evotek.md\/ro\/wp-json\/wp\/v2\/media\/40529"}],"wp:attachment":[{"href":"https:\/\/evotek.md\/ro\/wp-json\/wp\/v2\/media?parent=40706"}],"curies":[{"name":"wp","href":"https:\/\/api.w.org\/{rel}","templated":true}]}}