{"id":40666,"date":"2024-05-29T09:35:03","date_gmt":"2024-05-29T09:35:03","guid":{"rendered":"https:\/\/evotek.md\/?post_type=product&#038;p=40666"},"modified":"2024-05-29T09:42:52","modified_gmt":"2024-05-29T09:42:52","slug":"gimetal-ac-rop6","status":"publish","type":"product","link":"https:\/\/evotek.md\/ro\/produse\/accesorii-si-inventar-bucatarie\/cutite-bucatarie\/gimetal-ac-rop6\/","title":{"rendered":"CUTIT PENTRU PIZZA \u00d8100 mm -GIMETAL-AC-ROP6"},"content":{"rendered":"<p><strong>CUTIT PENTRU PIZZA \u00d8100 mm -GIMETAL-AC-ROP6<\/strong><br \/>\nCu\u021bite de buc\u0103t\u0103rie profesionale de calitate european\u0103 pentru hoteluri, restaurante, cafenele \u0219i baruri.<\/p>\n<p>Caracteristici<br \/>\nLama: otel inoxidabil, poate fi demontata si ascutita sau remodelata.<br \/>\nDiametru: 10 cm<br \/>\nM\u00e2nerul este fabricat din plastic standard.<\/p>\n","protected":false},"excerpt":{"rendered":"<p>Lama: otel inoxidabil, poate fi demontata si ascutita sau remodelata; Diametru: 10 cm; M\u00e2nerul este fabricat din plastic standard.<\/p>\n","protected":false},"featured_media":40669,"template":"","meta":[],"_links":{"self":[{"href":"https:\/\/evotek.md\/ro\/wp-json\/wp\/v2\/product\/40666"}],"collection":[{"href":"https:\/\/evotek.md\/ro\/wp-json\/wp\/v2\/product"}],"about":[{"href":"https:\/\/evotek.md\/ro\/wp-json\/wp\/v2\/types\/product"}],"wp:featuredmedia":[{"embeddable":true,"href":"https:\/\/evotek.md\/ro\/wp-json\/wp\/v2\/media\/40669"}],"wp:attachment":[{"href":"https:\/\/evotek.md\/ro\/wp-json\/wp\/v2\/media?parent=40666"}],"curies":[{"name":"wp","href":"https:\/\/api.w.org\/{rel}","templated":true}]}}