{"id":40646,"date":"2024-05-29T08:49:21","date_gmt":"2024-05-29T08:49:20","guid":{"rendered":"https:\/\/evotek.md\/?post_type=product&#038;p=40646"},"modified":"2024-05-29T08:51:55","modified_gmt":"2024-05-29T08:51:55","slug":"scraper-spatula-din-inox-cu-maner-din-plastic-115x110-mm-flexibila-gimetal-ac-stp32","status":"publish","type":"product","link":"https:\/\/evotek.md\/ro\/produse\/accesorii-si-inventar-bucatarie\/spatula\/scraper-spatula-din-inox-cu-maner-din-plastic-115x110-mm-flexibila-gimetal-ac-stp32\/","title":{"rendered":"SCRAPER, SPATULA DIN INOX CU MANER DIN PLASTIC 115X110 mm (FLEXIBILA) -GIMETAL-AC-STP32"},"content":{"rendered":"<p><strong>SCRAPER, SPATULA DIN INOX CU MANER DIN PLASTIC 115X110 mm (FLEXIBILA) -GIMETAL-AC-STP32- <\/strong>Acesta este un instrument integral at\u00e2t \u00een buc\u0103t\u0103ria profesional\u0103, c\u00e2t \u0219i \u00een cea de acas\u0103.<\/p>\n<p>Caracteristici<br \/>\nSpatula flexibila<br \/>\nLama din otel inoxidabil<br \/>\nManer din plastic<br \/>\nDimensiuni: 115&#215;110 mm<\/p>\n<p>&nbsp;<\/p>\n","protected":false},"excerpt":{"rendered":"<p>Spatula flexibila; Lama din otel inoxidabil; Maner din plastic; Dimensiuni: 115&#215;110 mm.<\/p>\n","protected":false},"featured_media":40649,"template":"","meta":[],"_links":{"self":[{"href":"https:\/\/evotek.md\/ro\/wp-json\/wp\/v2\/product\/40646"}],"collection":[{"href":"https:\/\/evotek.md\/ro\/wp-json\/wp\/v2\/product"}],"about":[{"href":"https:\/\/evotek.md\/ro\/wp-json\/wp\/v2\/types\/product"}],"wp:featuredmedia":[{"embeddable":true,"href":"https:\/\/evotek.md\/ro\/wp-json\/wp\/v2\/media\/40649"}],"wp:attachment":[{"href":"https:\/\/evotek.md\/ro\/wp-json\/wp\/v2\/media?parent=40646"}],"curies":[{"name":"wp","href":"https:\/\/api.w.org\/{rel}","templated":true}]}}