{"id":40641,"date":"2024-05-29T07:51:16","date_gmt":"2024-05-29T07:51:15","guid":{"rendered":"https:\/\/evotek.md\/?post_type=product&#038;p=40641"},"modified":"2024-05-29T08:29:36","modified_gmt":"2024-05-29T08:29:36","slug":"gimetal-ac-st4m","status":"publish","type":"product","link":"https:\/\/evotek.md\/ro\/produse\/accesorii-si-inventar-bucatarie\/spatula\/gimetal-ac-st4m\/","title":{"rendered":"SCRAPER, SPATULA DIN INOX CU MANER DIN PLASTIC 110X100 mm -GIMETAL-AC-ST4M"},"content":{"rendered":"<p><strong>SCRAPER, SPATULA DIN INOX CU MANER DIN PLASTIC 110X100 mm -GIMETAL-AC-ST4M- <\/strong>Acesta este un instrument integral at\u00e2t \u00een buc\u0103t\u0103ria profesional\u0103, c\u00e2t \u0219i \u00een cea de acas\u0103.<\/p>\n<p>Caracteristici<br \/>\nLama din otel inoxidabil<br \/>\nManer din plastic<br \/>\nDimensiuni: 11&#215;10 cm<\/p>\n<p>&nbsp;<\/p>\n","protected":false},"excerpt":{"rendered":"<p>Lama din otel inoxidabil; Maner din plastic; Dimensiuni: 11&#215;10 cm.<\/p>\n","protected":false},"featured_media":40644,"template":"","meta":[],"_links":{"self":[{"href":"https:\/\/evotek.md\/ro\/wp-json\/wp\/v2\/product\/40641"}],"collection":[{"href":"https:\/\/evotek.md\/ro\/wp-json\/wp\/v2\/product"}],"about":[{"href":"https:\/\/evotek.md\/ro\/wp-json\/wp\/v2\/types\/product"}],"wp:featuredmedia":[{"embeddable":true,"href":"https:\/\/evotek.md\/ro\/wp-json\/wp\/v2\/media\/40644"}],"wp:attachment":[{"href":"https:\/\/evotek.md\/ro\/wp-json\/wp\/v2\/media?parent=40641"}],"curies":[{"name":"wp","href":"https:\/\/api.w.org\/{rel}","templated":true}]}}