{"id":40626,"date":"2024-05-29T07:09:03","date_gmt":"2024-05-29T07:09:02","guid":{"rendered":"https:\/\/evotek.md\/?post_type=product&#038;p=40626"},"modified":"2024-09-20T07:22:39","modified_gmt":"2024-09-20T07:22:39","slug":"gimetal-tla4060","status":"publish","type":"product","link":"https:\/\/evotek.md\/ro\/produse\/accesorii-si-inventar-bucatarie\/inventar-pizzerie\/gimetal-tla4060\/","title":{"rendered":"TAVA PENTRU PIZZA DIN OTEL ALUMINIZAT 600\u0445400\u044520 mm -GIMETAL-TLA4060"},"content":{"rendered":"<p><strong>TAVA PENTRU PIZZA DIN OTEL ALUMINIZAT 600\u0445400\u044520 mm -GIMETAL-TLA4060-<\/strong>Tava de copt este utilizat\u0103 \u00een industria alimentar\u0103, catering \u0219i comer\u021b pentru coacerea pizza, p\u00e2ine \u0219i alte produse din aluat. Modelul este echipat cu fund dreptunghiular \u0219i laturi drepte. Produsul este fabricat din o\u021bel aluminiu de \u00eenalt\u0103 calitate.<\/p>\n<p>Caracteristici<br \/>\nLatime: 600 mm<br \/>\nAd\u00e2ncime: 400 mm<br \/>\nInaltime: 20 mm<br \/>\nGreutate: 1,69 kg<br \/>\nTara de origine: Italia<br \/>\nConductivitate termic\u0103 ridicat\u0103 pentru coacere rapid\u0103<br \/>\nRezistenta la deformare si coroziune<br \/>\nUsor de curatat si dezinfectat<br \/>\nMaterial: otel aluminizat<\/p>\n","protected":false},"excerpt":{"rendered":"<p>Tava din otel aluminizat. Latime: 600 mm; Ad\u00e2ncime: 400 mm; Inaltime: 20 mm; Greutate: 1,69 kg; Tara de origine: Italia; Conductivitate termic\u0103 ridicat\u0103 pentru coacere rapid\u0103; Rezistenta la deformare si coroziune; Usor de curatat si dezinfectat.<\/p>\n","protected":false},"featured_media":40629,"template":"","meta":[],"_links":{"self":[{"href":"https:\/\/evotek.md\/ro\/wp-json\/wp\/v2\/product\/40626"}],"collection":[{"href":"https:\/\/evotek.md\/ro\/wp-json\/wp\/v2\/product"}],"about":[{"href":"https:\/\/evotek.md\/ro\/wp-json\/wp\/v2\/types\/product"}],"wp:featuredmedia":[{"embeddable":true,"href":"https:\/\/evotek.md\/ro\/wp-json\/wp\/v2\/media\/40629"}],"wp:attachment":[{"href":"https:\/\/evotek.md\/ro\/wp-json\/wp\/v2\/media?parent=40626"}],"curies":[{"name":"wp","href":"https:\/\/api.w.org\/{rel}","templated":true}]}}