{"id":40606,"date":"2024-05-28T14:16:51","date_gmt":"2024-05-28T14:16:51","guid":{"rendered":"https:\/\/evotek.md\/?post_type=product&#038;p=40606"},"modified":"2024-05-28T14:28:02","modified_gmt":"2024-05-28T14:28:02","slug":"sirman-ip50m","status":"publish","type":"product","link":"https:\/\/evotek.md\/ro\/produse\/echipamente-electromecanice\/mixer-pentru-carne\/sirman-ip50m\/","title":{"rendered":"MIXER PENTRU CARNE 88 LITRI \/ 50 KG, BOL BASCULANT -SIRMAN-IP50M"},"content":{"rendered":"<p><strong>MIXER PENTRU CARNE 88 LITRI \/ 50 KG, BOL BASCULANT -SIRMAN-IP50M-<\/strong> este un mixer pentru carne electric, puternic, echipat cu un bol basculant, astfel \u00eenc\u00e2t carnea procesat\u0103 s\u0103 poat\u0103 fi \u00eendep\u0103rtat\u0103 cu u\u0219urin\u021b\u0103.<\/p>\n<p>&#8211; Constructie din otel inoxidabil Aisi 304.<br \/>\n&#8211; Motor puternic HP 2.<br \/>\n&#8211; Cutie de viteze etan\u0219at\u0103 cu ro\u021bi din\u021bate pe baie de ulei, din o\u021bel \u0219lefuit \u0219i c\u0103lit.<br \/>\n&#8211; Sistem de siguran\u021b\u0103 angrenaj cu etan\u0219are dubl\u0103.<br \/>\n&#8211; Capac cu microintrerupator de siguranta.<br \/>\n&#8211; Lama din otel inoxidabil Aisi 304 poate fi indepartata cu usurinta fara unelte.<br \/>\n&#8211; Un suport pentru un recipient care se poate deschide pentru scoaterea lamei pentru framantarea aluatului.<br \/>\n&#8211; Panou de control IP54 cu revers.<\/p>\n<p><strong>Caracteristici<\/strong><br \/>\nPutere: 1ph watt 1100\/CP 1,5 &#8211; 3ph watt 1472\/CP 2<br \/>\nAlimentare: 1ph\/3ph<br \/>\nDimensiuni bol: 410&#215;480 mm<br \/>\nCapacitate bol: 88 litri &#8211; 50 kg<br \/>\nLatime: 75 cm<br \/>\nAd\u00e2ncime: 46,5 cm<br \/>\nInaltime: 59,5 cm<br \/>\nGreutate fara ambalaj: 59 kg<\/p>\n","protected":false},"excerpt":{"rendered":"<p>Mixer electric pentru carne. Putere: 1ph watt 1100\/CP 1,5 &#8211; 3ph watt 1472\/CP 2; Alimentare: 1ph\/3ph; Dimensiuni bol: 410&#215;480 mm; Capacitate bol: 88 litri &#8211; 50 kg; Latime: 75 cm; Ad\u00e2ncime: 46,5 cm; Inaltime: 59,5 cm; Greutate fara ambalaj: 59 kg.<\/p>\n","protected":false},"featured_media":40609,"template":"","meta":[],"_links":{"self":[{"href":"https:\/\/evotek.md\/ro\/wp-json\/wp\/v2\/product\/40606"}],"collection":[{"href":"https:\/\/evotek.md\/ro\/wp-json\/wp\/v2\/product"}],"about":[{"href":"https:\/\/evotek.md\/ro\/wp-json\/wp\/v2\/types\/product"}],"wp:featuredmedia":[{"embeddable":true,"href":"https:\/\/evotek.md\/ro\/wp-json\/wp\/v2\/media\/40609"}],"wp:attachment":[{"href":"https:\/\/evotek.md\/ro\/wp-json\/wp\/v2\/media?parent=40606"}],"curies":[{"name":"wp","href":"https:\/\/api.w.org\/{rel}","templated":true}]}}