{"id":40598,"date":"2024-05-28T13:00:05","date_gmt":"2024-05-28T13:00:05","guid":{"rendered":"https:\/\/evotek.md\/?post_type=product&#038;p=40598"},"modified":"2024-05-28T13:04:39","modified_gmt":"2024-05-28T13:04:39","slug":"ir-20f-180","status":"publish","type":"product","link":"https:\/\/evotek.md\/ro\/produse\/accesorii-si-inventar-bucatarie\/inventar-pizzerie\/ir-20f-180\/","title":{"rendered":"LOPATA PENTRU PIZZA, DIN INOX (ROTUNDA, PERFORATA) 200x200x1800 mm -GIMETAL-IR-20F\/180"},"content":{"rendered":"<p><strong>LOPATA PENTRU PIZZA, DIN INOX (ROTUNDA, PERFORATA) 200x200x1800 mm -GIMETAL-IR-20F\/180<br \/>\n<\/strong>Lopata: inox<br \/>\nBaza m\u00e2nerului: polimer specific de \u00eenalt\u0103 densitate.<br \/>\nO fixare specific\u0103 pe baza m\u00e2nerului permite blocarea elementului intermediar.<\/p>\n<p>&nbsp;<\/p>\n","protected":false},"excerpt":{"rendered":"<p>Lopata: inox; Baza m\u00e2nerului: polimer specific de \u00eenalt\u0103 densitate; O fixare specific\u0103 pe baza m\u00e2nerului permite blocarea elementului intermediar.<\/p>\n","protected":false},"featured_media":40601,"template":"","meta":[],"_links":{"self":[{"href":"https:\/\/evotek.md\/ro\/wp-json\/wp\/v2\/product\/40598"}],"collection":[{"href":"https:\/\/evotek.md\/ro\/wp-json\/wp\/v2\/product"}],"about":[{"href":"https:\/\/evotek.md\/ro\/wp-json\/wp\/v2\/types\/product"}],"wp:featuredmedia":[{"embeddable":true,"href":"https:\/\/evotek.md\/ro\/wp-json\/wp\/v2\/media\/40601"}],"wp:attachment":[{"href":"https:\/\/evotek.md\/ro\/wp-json\/wp\/v2\/media?parent=40598"}],"curies":[{"name":"wp","href":"https:\/\/api.w.org\/{rel}","templated":true}]}}