{"id":40584,"date":"2024-05-28T12:08:28","date_gmt":"2024-05-28T12:08:28","guid":{"rendered":"https:\/\/evotek.md\/?post_type=product&#038;p=40584"},"modified":"2024-05-28T12:20:03","modified_gmt":"2024-05-28T12:20:03","slug":"gimetal-ic-20f-150","status":"publish","type":"product","link":"https:\/\/evotek.md\/ro\/produse\/accesorii-si-inventar-bucatarie\/inventar-pizzerie\/gimetal-ic-20f-150\/","title":{"rendered":"LOPATA PENTRU PIZZA, DIN ALUMINIU (ROTUNDA, PERFORATA) 200x200x1500 mm -GIMETAL-IC-20F\/150"},"content":{"rendered":"<p><strong>LOPATA PENTRU PIZZA, DIN ALUMINIU (ROTUNDA, PERFORATA) 200x200x1500 mm -GIMETAL-IC-20F\/150<\/strong><br \/>\nBaza m\u00e2nerului \u0219i m\u00e2nerul intermediar: polimer specific de \u00eenalt\u0103 densitate.<br \/>\nO fixare specific\u0103 pe baza m\u00e2nerului permite blocarea elementului intermediar.<\/p>\n<p>&nbsp;<\/p>\n","protected":false},"excerpt":{"rendered":"<p>Baza m\u00e2nerului \u0219i m\u00e2nerul intermediar: polimer specific de \u00eenalt\u0103 densitate; O fixare specific\u0103 pe baza m\u00e2nerului permite blocarea elementului intermediar.<\/p>\n<p>&nbsp;<\/p>\n","protected":false},"featured_media":40586,"template":"","meta":[],"_links":{"self":[{"href":"https:\/\/evotek.md\/ro\/wp-json\/wp\/v2\/product\/40584"}],"collection":[{"href":"https:\/\/evotek.md\/ro\/wp-json\/wp\/v2\/product"}],"about":[{"href":"https:\/\/evotek.md\/ro\/wp-json\/wp\/v2\/types\/product"}],"wp:featuredmedia":[{"embeddable":true,"href":"https:\/\/evotek.md\/ro\/wp-json\/wp\/v2\/media\/40586"}],"wp:attachment":[{"href":"https:\/\/evotek.md\/ro\/wp-json\/wp\/v2\/media?parent=40584"}],"curies":[{"name":"wp","href":"https:\/\/api.w.org\/{rel}","templated":true}]}}