{"id":40543,"date":"2024-05-27T11:39:55","date_gmt":"2024-05-27T11:39:55","guid":{"rendered":"https:\/\/evotek.md\/?post_type=product&#038;p=40543"},"modified":"2024-05-27T12:00:14","modified_gmt":"2024-05-27T12:00:14","slug":"berkel-bkaccrrkdpp0100000","status":"publish","type":"product","link":"https:\/\/evotek.md\/ro\/produse\/echipamente-electromecanice\/slicer\/berkel-bkaccrrkdpp0100000\/","title":{"rendered":"SET DE RESTAURARE PENTRU SLICER -BERKEL-BKACCRRKDPP0100000"},"content":{"rendered":"<p><strong>SET DE RESTAURARE PENTRU SLICER -BERKEL-BKACCRRKDPP0100000<\/strong><br \/>\nSetul de restaurare este conceput pentru a retu\u0219a a\u0219chii mici care au ap\u0103rut \u00een timpul utiliz\u0103rii de-a lungul multor ani.<br \/>\nSetul include:<br \/>\n-Tesatura de lungime medie ULTRA MICROFIBRA<br \/>\n-Ulei lubrifiant spray 200 ml<br \/>\n-Perie de \u00eengrijire a lamei<br \/>\n-Marker de retu\u0219are RO\u0218U<br \/>\n-Cutie de h\u00e2rtie ecologic\u0103 Crush Cherry<\/p>\n","protected":false},"excerpt":{"rendered":"<p>Setul de restaurare este conceput pentru a retu\u0219a a\u0219chii mici care au ap\u0103rut \u00een timpul utiliz\u0103rii de-a lungul multor ani.<br \/>\nSetul include: -Tesatura de lungime medie ULTRA MICROFIBRA; -Ulei lubrifiant spray 200 ml; -Perie de \u00eengrijire a lamei; -Marker de retu\u0219are RO\u0218U; -Cutie de h\u00e2rtie ecologic\u0103 Crush Cherry.<\/p>\n","protected":false},"featured_media":40546,"template":"","meta":[],"_links":{"self":[{"href":"https:\/\/evotek.md\/ro\/wp-json\/wp\/v2\/product\/40543"}],"collection":[{"href":"https:\/\/evotek.md\/ro\/wp-json\/wp\/v2\/product"}],"about":[{"href":"https:\/\/evotek.md\/ro\/wp-json\/wp\/v2\/types\/product"}],"wp:featuredmedia":[{"embeddable":true,"href":"https:\/\/evotek.md\/ro\/wp-json\/wp\/v2\/media\/40546"}],"wp:attachment":[{"href":"https:\/\/evotek.md\/ro\/wp-json\/wp\/v2\/media?parent=40543"}],"curies":[{"name":"wp","href":"https:\/\/api.w.org\/{rel}","templated":true}]}}