{"id":40537,"date":"2024-05-27T11:16:42","date_gmt":"2024-05-27T11:16:42","guid":{"rendered":"https:\/\/evotek.md\/?post_type=product&#038;p=40537"},"modified":"2024-05-27T11:19:33","modified_gmt":"2024-05-27T11:19:33","slug":"berkel-bcashmkdpp0100000","status":"publish","type":"product","link":"https:\/\/evotek.md\/ro\/produse\/echipamente-electromecanice\/slicer\/berkel-bcashmkdpp0100000\/","title":{"rendered":"SET DE INGRIJIRE PENTRU SLICER -BERKEL-BCASHMKDPP0100000"},"content":{"rendered":"<p><strong>SET DE INGRIJIRE PENTRU SLICER -BERKEL-BCASHMKDPP0100000-<\/strong> Kit de \u00eengrijire a slicer-ului pentru a cre\u0219te durata de via\u021b\u0103 a uneltelor, a simplifica utilizarea acestora, a le cre\u0219te productivitatea<br \/>\nSetul Include:<br \/>\n-\u021aes\u0103tur\u0103 de lungime medie ULTRA MICROFIBR\u0102<br \/>\n-Spray dezinfectant pentru maini si suprafete 250 ml<br \/>\n-Spray ulei lubrifiant 200 ml<br \/>\n-Perie de \u00eengrijire a lamei<br \/>\n-Cutie de h\u00e2rtie ecologic\u0103 Crush Cherry.<\/p>\n","protected":false},"excerpt":{"rendered":"<p>Setul Include: -\u021aes\u0103tur\u0103 de lungime medie ULTRA MICROFIBR\u0102; -Spray dezinfectant pentru maini si suprafete 250 ml; -Spray ulei lubrifiant 200 ml; -Perie de \u00eengrijire a lamei; -Cutie de h\u00e2rtie ecologic\u0103 Crush Cherry.<\/p>\n","protected":false},"featured_media":40540,"template":"","meta":[],"_links":{"self":[{"href":"https:\/\/evotek.md\/ro\/wp-json\/wp\/v2\/product\/40537"}],"collection":[{"href":"https:\/\/evotek.md\/ro\/wp-json\/wp\/v2\/product"}],"about":[{"href":"https:\/\/evotek.md\/ro\/wp-json\/wp\/v2\/types\/product"}],"wp:featuredmedia":[{"embeddable":true,"href":"https:\/\/evotek.md\/ro\/wp-json\/wp\/v2\/media\/40540"}],"wp:attachment":[{"href":"https:\/\/evotek.md\/ro\/wp-json\/wp\/v2\/media?parent=40537"}],"curies":[{"name":"wp","href":"https:\/\/api.w.org\/{rel}","templated":true}]}}