{"id":40534,"date":"2024-05-27T11:03:53","date_gmt":"2024-05-27T11:03:54","guid":{"rendered":"https:\/\/evotek.md\/?post_type=product&#038;p=40534"},"modified":"2024-05-27T11:14:32","modified_gmt":"2024-05-27T11:14:32","slug":"berkel-bkaccxckdpp0100000","status":"publish","type":"product","link":"https:\/\/evotek.md\/ro\/produse\/echipamente-electromecanice\/slicer\/berkel-bkaccxckdpp0100000\/","title":{"rendered":"SET DE CURATARE PENTRU SLICER -BERKEL-BKACCXCKDPP0100000"},"content":{"rendered":"<p>SET DE CURATARE PENTRU SLICER -BERKEL-BKACCXCKDPP0100000<br \/>\nSetul de cur\u0103\u021bare \u00eenainte \u0219i dup\u0103 utilizarea ma\u0219inii de feliere include:<br \/>\n-Textil de lungime medie ULTRA MICROFIBRA<br \/>\n-Spray dezinfectant pentru maini si suprafete 250 ml<br \/>\n-Sticl\u0103 de ulei 50 ml<br \/>\n-Perie de curatare: cu peri moi<br \/>\n-Cutie de h\u00e2rtie ecologic\u0103 Crush Cherry<\/p>\n","protected":false},"excerpt":{"rendered":"<p>Setul de cur\u0103\u021bare \u00eenainte \u0219i dup\u0103 utilizarea ma\u0219inii de feliere include: -Textil de lungime medie ULTRA MICROFIBRA; -Spray dezinfectant pentru maini si suprafete 250 ml; -Sticl\u0103 de ulei 50 ml; -Perie de curatare: cu peri moi; -Cutie de h\u00e2rtie ecologic\u0103 Crush Cherry.<\/p>\n","protected":false},"featured_media":40536,"template":"","meta":[],"_links":{"self":[{"href":"https:\/\/evotek.md\/ro\/wp-json\/wp\/v2\/product\/40534"}],"collection":[{"href":"https:\/\/evotek.md\/ro\/wp-json\/wp\/v2\/product"}],"about":[{"href":"https:\/\/evotek.md\/ro\/wp-json\/wp\/v2\/types\/product"}],"wp:featuredmedia":[{"embeddable":true,"href":"https:\/\/evotek.md\/ro\/wp-json\/wp\/v2\/media\/40536"}],"wp:attachment":[{"href":"https:\/\/evotek.md\/ro\/wp-json\/wp\/v2\/media?parent=40534"}],"curies":[{"name":"wp","href":"https:\/\/api.w.org\/{rel}","templated":true}]}}