{"id":40516,"date":"2024-05-22T13:33:25","date_gmt":"2024-05-22T13:33:25","guid":{"rendered":"https:\/\/evotek.md\/?post_type=product&#038;p=40516"},"modified":"2024-05-22T13:34:52","modified_gmt":"2024-05-22T13:34:52","slug":"870225-105-000","status":"publish","type":"product","link":"https:\/\/evotek.md\/ro\/produse\/echipamente-pentru-bar-si-cafea\/racitor-de-sucuri-3\/870225-105-000\/","title":{"rendered":"GRANITOR MANUAL, 2 RECIPIENTE 10 LITRI -Ugolini NG 10\/2 Easy \/ 870225-105-000"},"content":{"rendered":"<p>GRANITOR MANUAL, 2 RECIPIENTE 10 LITRI -Ugolini NG 10\/2 Easy \/ 870225-105-000- Extrem de compact si usor de folosit, va permite sa pregatiti serbeturi, creme congelate si cocktail-uri pentru a va satisface clientii pe tot parcursul anului. O zon\u0103 mare de expunere pentru cea mai bun\u0103 promovare a produsului dumneavoastr\u0103, precum \u0219i un design unic \u0219i elegant, fac din acest aparat un obiect indispensabil pentru unit\u0103\u021bile de catering de prim\u0103 clas\u0103. Un produs exclusiv italian, creat din pasiunea \u0219i experien\u021ba unui lider de pia\u021b\u0103 de 70 de ani.<\/p>\n<p>Caracteristici<br \/>\nCapacitate (litri) 20<br \/>\nAd\u00e2ncime exterioar\u0103 (mm) 500<br \/>\nInaltime exterioara (mm) 700<br \/>\nL\u0103\u021bimea exterioar\u0103 (mm) 400<br \/>\nNumar de rezervoare 2<br \/>\nPutere nominal\u0103 (kw) 0,74<br \/>\nTip de putere 13 Amperi<br \/>\nAgent frigorific R452a<br \/>\nGreutate (kg) 45<\/p>\n","protected":false},"excerpt":{"rendered":"<p>Granitor pentru congelarea sucurilor.<\/p>\n","protected":false},"featured_media":40519,"template":"","meta":[],"_links":{"self":[{"href":"https:\/\/evotek.md\/ro\/wp-json\/wp\/v2\/product\/40516"}],"collection":[{"href":"https:\/\/evotek.md\/ro\/wp-json\/wp\/v2\/product"}],"about":[{"href":"https:\/\/evotek.md\/ro\/wp-json\/wp\/v2\/types\/product"}],"wp:featuredmedia":[{"embeddable":true,"href":"https:\/\/evotek.md\/ro\/wp-json\/wp\/v2\/media\/40519"}],"wp:attachment":[{"href":"https:\/\/evotek.md\/ro\/wp-json\/wp\/v2\/media?parent=40516"}],"curies":[{"name":"wp","href":"https:\/\/api.w.org\/{rel}","templated":true}]}}