{"id":40485,"date":"2024-05-02T14:56:37","date_gmt":"2024-05-02T14:56:37","guid":{"rendered":"https:\/\/evotek.md\/?post_type=product&#038;p=40485"},"modified":"2026-02-11T17:28:57","modified_gmt":"2026-02-11T17:28:57","slug":"st-435130","status":"publish","type":"product","link":"https:\/\/evotek.md\/ro\/produse\/echipamente-pentru-fast-food\/marmite-cu-suport-pe-masa-2\/st-435130\/","title":{"rendered":"CHAFING DISH ELECTRIC, 13 LITRI -ST-435130"},"content":{"rendered":"<p><strong>CHAFING DISH ELECTRIC, 13 LITRI -ST-435130-<\/strong> este capabila sa pastreze alimentele fierbinti o perioada indelungata fara a-si pierde proprietatile utile. Un astfel de echipament \u00ee\u0219i g\u0103se\u0219te aplica\u021bie \u00een organizarea de evenimente \u00een aer liber, recep\u021bii, precum \u0219i \u00een restaurante \u0219i alte unit\u0103\u021bi.<\/p>\n<p>Caracteristici<br \/>\nVolum: 13 litri<br \/>\nL\u0103\u021bime: 620 mm<br \/>\nAd\u00e2ncime: 480 mm<br \/>\n\u00cen\u0103l\u021bime: 300 mm<br \/>\nTensiune: 230 V<br \/>\nPutere: 2 kW<br \/>\nBol rezistent la c\u0103ldur\u0103<br \/>\nCelelalte componente sunt fabricate din o\u021bel inoxidabil<br \/>\nInclude un recipient pentru catering 1\/1 GN h100<br \/>\n\u00cenc\u0103lzitor cu termostat<br \/>\nFolositi ap\u0103 cu o duritate de p\u00e2n\u0103 la 6\u00b0dH pe scara german\u0103<\/p>\n","protected":false},"excerpt":{"rendered":"<p>Chafing dish. Volum: 13 litri; L\u0103\u021bime: 620 mm; Ad\u00e2ncime: 480 mm; \u00cen\u0103l\u021bime: 300 mm; Tensiune: 230 V; Putere: 2 kW; Bol rezistent la c\u0103ldur\u0103; Celelalte componente sunt fabricate din o\u021bel inoxidabil; Include un recipient pentru catering 1\/1 GN h100; \u00cenc\u0103lzitor cu termostat; Folositi ap\u0103 cu o duritate de p\u00e2n\u0103 la 6\u00b0dH pe scara german\u0103.<\/p>\n","protected":false},"featured_media":40488,"template":"","meta":[],"_links":{"self":[{"href":"https:\/\/evotek.md\/ro\/wp-json\/wp\/v2\/product\/40485"}],"collection":[{"href":"https:\/\/evotek.md\/ro\/wp-json\/wp\/v2\/product"}],"about":[{"href":"https:\/\/evotek.md\/ro\/wp-json\/wp\/v2\/types\/product"}],"wp:featuredmedia":[{"embeddable":true,"href":"https:\/\/evotek.md\/ro\/wp-json\/wp\/v2\/media\/40488"}],"wp:attachment":[{"href":"https:\/\/evotek.md\/ro\/wp-json\/wp\/v2\/media?parent=40485"}],"curies":[{"name":"wp","href":"https:\/\/api.w.org\/{rel}","templated":true}]}}