{"id":40477,"date":"2024-05-02T12:59:13","date_gmt":"2024-05-02T12:59:13","guid":{"rendered":"https:\/\/evotek.md\/?post_type=product&#038;p=40477"},"modified":"2024-05-02T13:10:04","modified_gmt":"2024-05-02T13:10:04","slug":"st-741205","status":"publish","type":"product","link":"https:\/\/evotek.md\/ro\/produse\/echipamente-termice\/bain-marie\/st-741205\/","title":{"rendered":"BAIN MARIE CU ROBINET GN 1\/1 h200 mm -ST-741205"},"content":{"rendered":"<p>BAIN MARIE CU ROBINET GN 1\/1 h200 mm -ST-741205- Bain Marie Maxima cu robinet este realizat din otel inoxidabil (otel inoxidabil). Acest bain-marie Maxima este foarte frumos finisat \u0219i are un design perfect u\u0219or de utilizat. \u00cen plus, este dotat cu robinet. Acest bain-marie Maxima Bain Marie cu robinet are patru picioare de cauciuc pentru a-l men\u021bine stabil \u00een buc\u0103t\u0103rie f\u0103r\u0103 s\u0103 cad\u0103 sau s\u0103 se mi\u0219te. De asemenea, \u00eel pute\u021bi cur\u0103\u021ba foarte u\u0219or pentru a-l men\u021bine ca nou de fiecare dat\u0103. Bine de \u0219tiut: baia de ap\u0103 are indicatori de temperatur\u0103.<\/p>\n<p>Caracteristici<br \/>\nEchipat cu o siguran\u021b\u0103 pentru a preveni supra\u00eenc\u0103lzirea<br \/>\nParametri: GN 1\/1 200 mm<br \/>\nTemperatura max. : 85 \u00b0C<br \/>\nMaterial: otel inoxidabil<br \/>\nTensiune: 230 V<br \/>\nLatime: 340 mm<br \/>\nAd\u00e2ncime: 590 mm<br \/>\nInaltime: 280 mm<br \/>\nPutere electrica: 1,2 kW<\/p>\n","protected":false},"excerpt":{"rendered":"<p>Bain-marie cu robinet. Echipat cu o siguran\u021b\u0103 pentru a preveni supra\u00eenc\u0103lzirea; Parametri: GN 1\/1 200 mm; Temperatura max. : 85 \u00b0C; Material: otel inoxidabil; Tensiune: 230 V; Latime: 340 mm; Ad\u00e2ncime: 590 mm; Inaltime: 280 mm; Putere electrica: 1,2 kW.<\/p>\n","protected":false},"featured_media":40483,"template":"","meta":[],"_links":{"self":[{"href":"https:\/\/evotek.md\/ro\/wp-json\/wp\/v2\/product\/40477"}],"collection":[{"href":"https:\/\/evotek.md\/ro\/wp-json\/wp\/v2\/product"}],"about":[{"href":"https:\/\/evotek.md\/ro\/wp-json\/wp\/v2\/types\/product"}],"wp:featuredmedia":[{"embeddable":true,"href":"https:\/\/evotek.md\/ro\/wp-json\/wp\/v2\/media\/40483"}],"wp:attachment":[{"href":"https:\/\/evotek.md\/ro\/wp-json\/wp\/v2\/media?parent=40477"}],"curies":[{"name":"wp","href":"https:\/\/api.w.org\/{rel}","templated":true}]}}