{"id":40469,"date":"2024-04-25T10:31:44","date_gmt":"2024-04-25T10:31:44","guid":{"rendered":"https:\/\/evotek.md\/?post_type=product&#038;p=40469"},"modified":"2024-04-25T10:43:26","modified_gmt":"2024-04-25T10:43:26","slug":"em-32-10","status":"publish","type":"product","link":"https:\/\/evotek.md\/ro\/produse\/echipamente-electromecanice\/masina-de-tocat-carne\/em-32-10\/","title":{"rendered":"MASINA DE TOCAT CARNE CU RACIRE, 600 kg\/h 380 V -EM.32.10-S"},"content":{"rendered":"<p><strong>MASINA DE TOCAT CARNE CU RACIRE, 600 kg\/h 380 V -EM.32.10-S-<\/strong> utilizat\u0103 \u00een unit\u0103\u021bile de catering \u0219i comer\u021b cu am\u0103nuntul pentru m\u0103cinarea c\u0103rnii \u0219i a pe\u0219telui la producerea c\u0103rnii tocate, precum \u0219i la rem\u0103cinarea masei de cotlet \u0219i umplut c\u00e2rna\u021bi. Modelul este echipat cu o func\u021bie Reverse, elimin\u00e2nd necesitatea demont\u0103rii ma\u0219inii de tocat carne dac\u0103 oasele intr\u0103 \u00een g\u00e2t \u0219i firele sunt \u00eenf\u0103\u0219urate \u00een jurul melcului. Toate piesele care intr\u0103 \u00een contact cu produsele \u00een timpul lucrului sunt fabricate din o\u021bel inoxidabil sigur.<\/p>\n<p>Caracteristici<br \/>\nCapacitate: 600 kg\/h<br \/>\nProtec\u021bia m\u00e2inilor asigur\u0103 munca \u00een siguran\u021b\u0103<br \/>\nCarcasa, grup de piuli\u021be \u0219i spiral\u0103 din o\u021bel inoxidabil<br \/>\nPutere motor: 2,2 kW, 1500 rpm, 380 V<br \/>\n\u00cemping\u0103tor de carne<br \/>\nMaterial carcasa: otel inoxidabil<br \/>\nLatime: 64 cm<br \/>\nAdancime: 34 cm<br \/>\nInaltime: 57 cm<br \/>\nGreutate: 47 kg<\/p>\n","protected":false},"excerpt":{"rendered":"<p>Ma\u0219in\u0103 de tocat carne cu o capacitate de 600 kg\/h. Capacitate: 600 kg\/h; Protec\u021bia m\u00e2inilor asigur\u0103 munca \u00een siguran\u021b\u0103; Carcasa, grup de piuli\u021be \u0219i spiral\u0103 din o\u021bel inoxidabil; Putere motor: 2,2 kW, 1500 rpm, 380 V; \u00cemping\u0103tor de carne; Material carcasa: otel inoxidabil; Latime: 64 cm; Adancime: 34 cm; Inaltime: 57 cm: Greutate: 47 kg.<\/p>\n","protected":false},"featured_media":40472,"template":"","meta":[],"_links":{"self":[{"href":"https:\/\/evotek.md\/ro\/wp-json\/wp\/v2\/product\/40469"}],"collection":[{"href":"https:\/\/evotek.md\/ro\/wp-json\/wp\/v2\/product"}],"about":[{"href":"https:\/\/evotek.md\/ro\/wp-json\/wp\/v2\/types\/product"}],"wp:featuredmedia":[{"embeddable":true,"href":"https:\/\/evotek.md\/ro\/wp-json\/wp\/v2\/media\/40472"}],"wp:attachment":[{"href":"https:\/\/evotek.md\/ro\/wp-json\/wp\/v2\/media?parent=40469"}],"curies":[{"name":"wp","href":"https:\/\/api.w.org\/{rel}","templated":true}]}}